{"id":18303,"date":"2024-10-11T11:00:26","date_gmt":"2024-10-11T10:00:26","guid":{"rendered":"https:\/\/learnixx.com\/?page_id=18303"},"modified":"2024-10-12T19:07:58","modified_gmt":"2024-10-12T18:07:58","slug":"mentions-legales","status":"publish","type":"page","link":"https:\/\/learnixx.com\/en\/mentions-legales\/","title":{"rendered":"Mentions l\u00e9gales"},"content":{"rendered":"<div data-elementor-type=\"wp-page\" data-elementor-id=\"18303\" class=\"elementor elementor-18303\" data-elementor-post-type=\"page\">\n\t\t\t\t<div class=\"elementor-element elementor-element-188b941 e-flex e-con-boxed e-con e-parent\" data-id=\"188b941\" data-element_type=\"container\">\n\t\t\t\t\t<div class=\"e-con-inner\">\n\t\t<div class=\"elementor-element elementor-element-1697d1d e-con-full e-flex e-con e-child\" data-id=\"1697d1d\" data-element_type=\"container\" data-settings=\"{&quot;sticky&quot;:&quot;top&quot;,&quot;sticky_on&quot;:[&quot;desktop&quot;,&quot;laptop&quot;],&quot;sticky_offset&quot;:20,&quot;sticky_parent&quot;:&quot;yes&quot;,&quot;sticky_effects_offset&quot;:0,&quot;sticky_anchor_link_offset&quot;:0}\">\n\t\t<div class=\"elementor-element elementor-element-4ec20a5 e-con-full e-flex e-con e-child\" data-id=\"4ec20a5\" data-element_type=\"container\" data-settings=\"{&quot;background_background&quot;:&quot;classic&quot;}\">\n\t\t\t\t<div class=\"elementor-element elementor-element-e52087b elementor-widget elementor-widget-ts-navbar\" data-id=\"e52087b\" data-element_type=\"widget\" data-widget_type=\"ts-navbar.default\">\n\t\t\t\t\t\n\t<nav class=\"ts-nav-menu ts-wp-menu\">\n\t\t\t\t\t<ul id=\"menu-learnixx-1\" class=\"ts-nav ts-nav-vertical flexify simplify-ul\">\t\t<li class=\"ts-popup-component ts-mobile-menu\">\n\t\t\t<span class=\"ts-item-link\" ref=\"target\" @click.prevent @mousedown=\"active = true\">\n\t\t\t\t<div class=\"ts-item-icon flexify\">\n\t\t\t\t\t<svg width=\"80\" height=\"80\" viewbox=\"0 0 25 24\" xmlns=\"http:\/\/www.w3.org\/2000\/svg\" transform=\"rotate(0 0 0)\"><path d=\"M3.5625 6C3.5625 5.58579 3.89829 5.25 4.3125 5.25H20.3125C20.7267 5.25 21.0625 5.58579 21.0625 6C21.0625 6.41421 20.7267 6.75 20.3125 6.75L4.3125 6.75C3.89829 6.75 3.5625 6.41422 3.5625 6Z\"\/><path d=\"M3.5625 18C3.5625 17.5858 3.89829 17.25 4.3125 17.25L20.3125 17.25C20.7267 17.25 21.0625 17.5858 21.0625 18C21.0625 18.4142 20.7267 18.75 20.3125 18.75L4.3125 18.75C3.89829 18.75 3.5625 18.4142 3.5625 18Z\"\/><path d=\"M4.3125 11.25C3.89829 11.25 3.5625 11.5858 3.5625 12C3.5625 12.4142 3.89829 12.75 4.3125 12.75L20.3125 12.75C20.7267 12.75 21.0625 12.4142 21.0625 12C21.0625 11.5858 20.7267 11.25 20.3125 11.25L4.3125 11.25Z\"\/><\/svg>\t\t\t\t<\/div>\n\t\t\t\t\n\t\t\t    <popup v-cloak>\n\t\t\t    \t<div class=\"ts-popup-head flexify hide-d\">\n\t\t\t\t\t\t<div class=\"ts-popup-name flexify\">\n\t\t\t\t\t\t\t<svg width=\"80\" height=\"80\" viewbox=\"0 0 25 24\" xmlns=\"http:\/\/www.w3.org\/2000\/svg\" transform=\"rotate(0 0 0)\"><path d=\"M3.5625 6C3.5625 5.58579 3.89829 5.25 4.3125 5.25H20.3125C20.7267 5.25 21.0625 5.58579 21.0625 6C21.0625 6.41421 20.7267 6.75 20.3125 6.75L4.3125 6.75C3.89829 6.75 3.5625 6.41422 3.5625 6Z\"\/><path d=\"M3.5625 18C3.5625 17.5858 3.89829 17.25 4.3125 17.25L20.3125 17.25C20.7267 17.25 21.0625 17.5858 21.0625 18C21.0625 18.4142 20.7267 18.75 20.3125 18.75L4.3125 18.75C3.89829 18.75 3.5625 18.4142 3.5625 18Z\"\/><path d=\"M4.3125 11.25C3.89829 11.25 3.5625 11.5858 3.5625 12C3.5625 12.4142 3.89829 12.75 4.3125 12.75L20.3125 12.75C20.7267 12.75 21.0625 12.4142 21.0625 12C21.0625 11.5858 20.7267 11.25 20.3125 11.25L4.3125 11.25Z\"\/><\/svg>\t\t\t\t\t\t\t<span>Menu<\/span>\n\t\t\t\t\t\t<\/div>\n\n\t\t\t\t\t\t<ul class=\"flexify simplify-ul\">\n\t\t\t\t\t\t\t<li class=\"flexify ts-popup-close\">\n\t\t\t\t\t\t\t\t<a role=\"button\" @click.prevent=\"$root.active = false\" href=\"#\" class=\"ts-icon-btn\">\n\t\t\t\t\t\t\t\t\t<svg width=\"80\" height=\"80\" viewbox=\"0 0 24 24\" xmlns=\"http:\/\/www.w3.org\/2000\/svg\" transform=\"rotate(0 0 0)\"><path d=\"M6.21967 7.28033C5.92678 6.98744 5.92678 6.51256 6.21967 6.21967C6.51256 5.92678 6.98744 5.92678 7.28033 6.21967L11.999 10.9384L16.7176 6.2198C17.0105 5.92691 17.4854 5.92691 17.7782 6.2198C18.0711 6.51269 18.0711 6.98757 17.7782 7.28046L13.0597 11.999L17.7782 16.7176C18.0711 17.0105 18.0711 17.4854 17.7782 17.7782C17.4854 18.0711 17.0105 18.0711 16.7176 17.7782L11.999 13.0597L7.28033 17.7784C6.98744 18.0713 6.51256 18.0713 6.21967 17.7784C5.92678 17.4855 5.92678 17.0106 6.21967 16.7177L10.9384 11.999L6.21967 7.28033Z\"\/><\/svg>\t\t\t\t\t\t\t\t<\/a>\n\t\t\t\t\t\t\t<\/li>\n\t\t\t\t\t\t<\/ul>\n\t\t\t\t\t<\/div>\n\t\t\t\t\t<transition-group :name=\"'slide-from-'+slide_from\" tag=\"div\" class=\"ts-term-dropdown ts-md-group ts-multilevel-dropdown\" @before-enter=\"beforeEnter\" @before-leave=\"beforeLeave\">\n\t\t\t\t\t\t<ul class=\"simplify-ul ts-term-dropdown-list sub-menu\" key=\"main\" v-show=\"screen === 'main'\"><li id=\"menu-item-18312\" class=\"menu-item menu-item-type-post_type menu-item-object-page menu-item-18312\"><a  href=\"https:\/\/learnixx.com\/en\/conditions-generales-utilisation\/\" class=\"flexify\" onclick=\"return true\"><span>Conditions g\u00e9n\u00e9rales d\u2019utilisation<\/span><\/a><\/li><li id=\"menu-item-18313\" class=\"menu-item menu-item-type-post_type menu-item-object-page menu-item-privacy-policy menu-item-18313\"><a  href=\"https:\/\/learnixx.com\/en\/politique-de-confidentialite\/\" class=\"flexify\" onclick=\"return true\"><span>Politique de confidentialit\u00e9<\/span><\/a><\/li><li id=\"menu-item-18311\" class=\"menu-item menu-item-type-post_type menu-item-object-page menu-item-18311\"><a  href=\"https:\/\/learnixx.com\/en\/cgu-formateur\/\" class=\"flexify\" onclick=\"return true\"><span>CGU Formateur<\/span><\/a><\/li><li id=\"menu-item-18512\" class=\"menu-item menu-item-type-post_type menu-item-object-page menu-item-18512\"><a  href=\"https:\/\/learnixx.com\/en\/conditions-generales-relatives-aux-infopreneurs-affilies\/\" class=\"flexify\" onclick=\"return true\"><span>CGU infopreneurs affili\u00e9s<\/span><\/a><\/li><li id=\"menu-item-18309\" class=\"menu-item menu-item-type-post_type menu-item-object-page menu-item-18309\"><a  href=\"https:\/\/learnixx.com\/en\/cookies\/\" class=\"flexify\" onclick=\"return true\"><span>Politique en mati\u00e8re de cookies<\/span><\/a><\/li><li id=\"menu-item-18308\" class=\"menu-item menu-item-type-post_type menu-item-object-page menu-item-18308\"><a  href=\"https:\/\/learnixx.com\/en\/politique-sur-la-propriete-intellectuelle\/\" class=\"flexify\" onclick=\"return true\"><span>Politique sur la propri\u00e9t\u00e9 intellectuelle<\/span><\/a><\/li><li id=\"menu-item-18310\" class=\"menu-item menu-item-type-post_type menu-item-object-page menu-item-18310\"><a  href=\"https:\/\/learnixx.com\/en\/cgv\/\" class=\"flexify\" onclick=\"return true\"><span>Conditions g\u00e9n\u00e9rales de vente<\/span><\/a><\/li><li id=\"menu-item-18307\" class=\"menu-item menu-item-type-post_type menu-item-object-page menu-item-18307\"><a  href=\"https:\/\/learnixx.com\/en\/mentions-legales\/\" class=\"flexify\" onclick=\"return true\"><span>Mentions l\u00e9gales<\/span><\/a><\/li><\/ul>\t\t\t\t\t<\/transition-group>\n\t\t\t    <\/popup>\n\t\t\t<\/span>\n\t\t<\/li>\n\t\t<li class=\"menu-item menu-item-type-post_type menu-item-object-page menu-item-18312\" ><a  href=\"https:\/\/learnixx.com\/en\/conditions-generales-utilisation\/\" class=\"ts-item-link\" onclick=\"return true\"><span>Conditions g\u00e9n\u00e9rales d\u2019utilisation<\/span><\/a><\/li><li class=\"menu-item menu-item-type-post_type menu-item-object-page menu-item-privacy-policy menu-item-18313\" ><a  href=\"https:\/\/learnixx.com\/en\/politique-de-confidentialite\/\" class=\"ts-item-link\" onclick=\"return true\"><span>Politique de confidentialit\u00e9<\/span><\/a><\/li><li class=\"menu-item menu-item-type-post_type menu-item-object-page menu-item-18311\" ><a  href=\"https:\/\/learnixx.com\/en\/cgu-formateur\/\" class=\"ts-item-link\" onclick=\"return true\"><span>CGU Formateur<\/span><\/a><\/li><li class=\"menu-item menu-item-type-post_type menu-item-object-page menu-item-18512\" ><a  href=\"https:\/\/learnixx.com\/en\/conditions-generales-relatives-aux-infopreneurs-affilies\/\" class=\"ts-item-link\" onclick=\"return true\"><span>CGU infopreneurs affili\u00e9s<\/span><\/a><\/li><li class=\"menu-item menu-item-type-post_type menu-item-object-page menu-item-18309\" ><a  href=\"https:\/\/learnixx.com\/en\/cookies\/\" class=\"ts-item-link\" onclick=\"return true\"><span>Politique en mati\u00e8re de cookies<\/span><\/a><\/li><li class=\"menu-item menu-item-type-post_type menu-item-object-page menu-item-18308\" ><a  href=\"https:\/\/learnixx.com\/en\/politique-sur-la-propriete-intellectuelle\/\" class=\"ts-item-link\" onclick=\"return true\"><span>Politique sur la propri\u00e9t\u00e9 intellectuelle<\/span><\/a><\/li><li class=\"menu-item menu-item-type-post_type menu-item-object-page menu-item-18310\" ><a  href=\"https:\/\/learnixx.com\/en\/cgv\/\" class=\"ts-item-link\" onclick=\"return true\"><span>Conditions g\u00e9n\u00e9rales de vente<\/span><\/a><\/li><li class=\"menu-item menu-item-type-post_type menu-item-object-page menu-item-18307\" ><a  href=\"https:\/\/learnixx.com\/en\/mentions-legales\/\" class=\"ts-item-link\" onclick=\"return true\"><span>Mentions l\u00e9gales<\/span><\/a><\/li><\/ul>\t\t\t<\/nav>\n\t\t\t\t<\/div>\n\t\t\t\t<\/div>\n\t\t\t\t<\/div>\n\t\t<div class=\"elementor-element elementor-element-0c02794 e-con-full e-flex e-con e-child\" data-id=\"0c02794\" data-element_type=\"container\">\n\t\t\t\t<div class=\"elementor-element elementor-element-847416d elementor-widget elementor-widget-heading\" data-id=\"847416d\" data-element_type=\"widget\" data-widget_type=\"heading.default\">\n\t\t\t\t\t<h2 class=\"elementor-heading-title elementor-size-default\">Mentions l\u00e9gales<\/h2>\t\t\t\t<\/div>\n\t\t\t\t<div class=\"elementor-element elementor-element-276fb75 elementor-widget elementor-widget-text-editor\" data-id=\"276fb75\" data-element_type=\"widget\" data-widget_type=\"text-editor.default\">\n\t\t\t\t\t\t\t\t\t<p><span style=\"font-weight: 400;\">Les pr\u00e9sentes conditions g\u00e9n\u00e9rales fixent les modalit\u00e9s d&rsquo;utilisation<\/span><\/p><p><span style=\"font-weight: 400;\">L\u2019utilisateur reconna\u00eet avoir pris connaissance de ce document et accept\u00e9 l\u2019ensemble de ces informations, que cet usage soit fait \u00e0 titre personnel ou professionnel. Si cet usage est fait \u00e0 titre professionnel, l\u2019utilisateur garantit d\u00e9tenir les pouvoirs n\u00e9cessaires pour accepter ces conditions g\u00e9n\u00e9rales au sein de son organisation.<\/span><\/p><p><b>\u00c9diteur du site<\/b><\/p><p><span style=\"font-weight: 400;\">Ce site est \u00e9dit\u00e9 par <\/span><b>Natex Services<\/b><span style=\"font-weight: 400;\">, entreprise individuelle immatricul\u00e9e au Registre du Commerce et du Cr\u00e9dit Mobilier en R\u00e9publique du B\u00e9nin sous le num\u00e9ro RCCM : RB\/ABY\/22 A 17897 et le num\u00e9ro IFU : 0202214072877.<\/span><\/p><p><b>H\u00e9bergement<\/b><\/p><p><span style=\"font-weight: 400;\">Le site Learnixx est h\u00e9berg\u00e9 par :<\/span><span style=\"font-weight: 400;\"><br \/><\/span><span style=\"font-weight: 400;\"> Hostinger International, Ltd.<\/span><span style=\"font-weight: 400;\"><br \/><\/span><span style=\"font-weight: 400;\"> Adresse : 61 Lordou Vironos Street, Larnaca, 6023, Chypre.<\/span><\/p><p><b>Responsabilit\u00e9<\/b><\/p><p><span style=\"font-weight: 400;\">L&rsquo;\u00e9diteur du site met \u00e0 disposition un large \u00e9ventail de contenus, d&rsquo;informations gratuites et payantes sur Learnixx. Il s&rsquo;efforce de garantir la qualit\u00e9 et l&rsquo;exactitude de ces informations. Toutefois, il appartient \u00e0 l&rsquo;utilisateur de v\u00e9rifier la pertinence de ces informations en fonction de sa situation. L&rsquo;utilisateur assume l&rsquo;enti\u00e8re responsabilit\u00e9 de l&rsquo;utilisation qu&rsquo;il en fait et d\u00e9gage l&rsquo;\u00e9diteur de toute responsabilit\u00e9 \u00e0 cet \u00e9gard.<\/span><\/p><p><b>Responsabilit\u00e9 dans l&rsquo;utilisation du service<\/b><\/p><p><span style=\"font-weight: 400;\">L&rsquo;utilisateur s&rsquo;engage \u00e0 ne pas perturber le fonctionnement du service offert sur le site Learnixx.<\/span><\/p><p><span style=\"font-weight: 400;\">En particulier, l&rsquo;utilisateur s&rsquo;engage \u00e0 s&rsquo;abstenir de publier des contenus illicites, diffamatoires ou offensants sur tout ou partie du site.<\/span><\/p><p><span style=\"font-weight: 400;\">L&rsquo;utilisateur s&rsquo;engage \u00e9galement \u00e0 fournir des donn\u00e9es personnelles v\u00e9ridiques, exactes et compl\u00e8tes.<\/span><\/p><p><b>Cookies<\/b><\/p><p><span style=\"font-weight: 400;\">L&rsquo;utilisateur est inform\u00e9 que des cookies peuvent s&rsquo;installer sur son navigateur lors de la visite du site Learnixx. Il lui est possible de les supprimer \u00e0 tout moment via les param\u00e8tres de son navigateur.<\/span><\/p><p><b>Traitement des donn\u00e9es personnelles<\/b><\/p><p><span style=\"font-weight: 400;\">Les traitements de donn\u00e9es personnelles r\u00e9alis\u00e9s dans le cadre de ce site sont effectu\u00e9s par Natex Services.<\/span><\/p><p><span style=\"font-weight: 400;\">L&rsquo;utilisateur dispose d&rsquo;un droit d&rsquo;acc\u00e8s, de modification, d&rsquo;opposition et de rectification des donn\u00e9es personnelles le concernant. Ces droits peuvent \u00eatre exerc\u00e9s en contactant Learnixx via le support.<\/span><\/p><p><span style=\"font-weight: 400;\">Il est notamment possible de se d\u00e9sinscrire de la newsletter en cliquant sur le lien de d\u00e9sinscription en bas de chaque email.<\/span><\/p><p><span style=\"font-weight: 400;\">Les destinataires des donn\u00e9es sont les personnes inscrites \u00e0 la newsletter, Natex Services, et ses \u00e9ventuels sous-traitants.<\/span><\/p><p><b>Propri\u00e9t\u00e9<\/b><\/p><p><span style=\"font-weight: 400;\">Le site Learnixx est la propri\u00e9t\u00e9 exclusive de Natex Services.<\/span><\/p><p><b>Comment nous contacter ?<\/b><\/p><p><span style=\"font-weight: 400;\">Pour toute question concernant ces mentions l\u00e9gales, veuillez nous contacter par e-mail \u00e0 l&rsquo;adresse <b>contact@learnixx.com <\/b>en indiquant comme objet \u00ab Questions sur les mentions l\u00e9gales \u00bb.<\/span><\/p>\t\t\t\t\t\t\t\t<\/div>\n\t\t\t\t<\/div>\n\t\t\t\t\t<\/div>\n\t\t\t\t<\/div>\n\t\t\t\t<\/div>","protected":false},"excerpt":{"rendered":"<p>Mentions l\u00e9gales Les pr\u00e9sentes conditions g\u00e9n\u00e9rales fixent les modalit\u00e9s d&rsquo;utilisation L\u2019utilisateur reconna\u00eet avoir pris connaissance de ce document et accept\u00e9 l\u2019ensemble de ces informations, que cet usage soit fait \u00e0 titre personnel ou professionnel. Si cet usage est fait \u00e0 titre professionnel, l\u2019utilisateur garantit d\u00e9tenir les pouvoirs n\u00e9cessaires pour accepter ces conditions g\u00e9n\u00e9rales au sein [&hellip;]<\/p>","protected":false},"author":1,"featured_media":0,"parent":0,"menu_order":0,"comment_status":"closed","ping_status":"closed","template":"","meta":{"order-bump-settings":[],"_wpfnl_thankyou_order_overview":"on","_wpfnl_thankyou_order_details":"on","_wpfnl_thankyou_billing_details":"on","_wpfnl_thankyou_shipping_details":"on","footnotes":""},"class_list":["post-18303","page","type-page","status-publish","hentry"],"yoast_head":"<!-- This site is optimized with the Yoast SEO plugin v24.2 - https:\/\/yoast.com\/wordpress\/plugins\/seo\/ -->\n<title>Mentions l\u00e9gales - Learnixx<\/title>\n<meta name=\"robots\" content=\"index, follow, max-snippet:-1, max-image-preview:large, max-video-preview:-1\" \/>\n<link rel=\"canonical\" href=\"https:\/\/learnixx.com\/en\/mentions-legales\/\" \/>\n<meta property=\"og:locale\" content=\"en_US\" \/>\n<meta property=\"og:type\" content=\"article\" \/>\n<meta property=\"og:title\" content=\"Mentions l\u00e9gales - Learnixx\" \/>\n<meta property=\"og:description\" content=\"Mentions l\u00e9gales Les pr\u00e9sentes conditions g\u00e9n\u00e9rales fixent les modalit\u00e9s d&rsquo;utilisation L\u2019utilisateur reconna\u00eet avoir pris connaissance de ce document et accept\u00e9 l\u2019ensemble de ces informations, que cet usage soit fait \u00e0 titre personnel ou professionnel. Si cet usage est fait \u00e0 titre professionnel, l\u2019utilisateur garantit d\u00e9tenir les pouvoirs n\u00e9cessaires pour accepter ces conditions g\u00e9n\u00e9rales au sein [&hellip;]\" \/>\n<meta property=\"og:url\" content=\"https:\/\/learnixx.com\/en\/mentions-legales\/\" \/>\n<meta property=\"og:site_name\" content=\"Learnixx\" \/>\n<meta property=\"article:modified_time\" content=\"2024-10-12T18:07:58+00:00\" \/>\n<meta name=\"twitter:card\" content=\"summary_large_image\" \/>\n<meta name=\"twitter:label1\" content=\"Est. reading time\" \/>\n\t<meta name=\"twitter:data1\" content=\"3 minutes\" \/>\n<script type=\"application\/ld+json\" class=\"yoast-schema-graph\">{\"@context\":\"https:\/\/schema.org\",\"@graph\":[{\"@type\":\"WebPage\",\"@id\":\"https:\/\/learnixx.com\/fr\/mentions-legales\/\",\"url\":\"https:\/\/learnixx.com\/fr\/mentions-legales\/\",\"name\":\"Mentions l\u00e9gales - Learnixx\",\"isPartOf\":{\"@id\":\"https:\/\/learnixx.com\/#website\"},\"datePublished\":\"2024-10-11T10:00:26+00:00\",\"dateModified\":\"2024-10-12T18:07:58+00:00\",\"breadcrumb\":{\"@id\":\"https:\/\/learnixx.com\/fr\/mentions-legales\/#breadcrumb\"},\"inLanguage\":\"en-US\",\"potentialAction\":[{\"@type\":\"ReadAction\",\"target\":[\"https:\/\/learnixx.com\/fr\/mentions-legales\/\"]}]},{\"@type\":\"BreadcrumbList\",\"@id\":\"https:\/\/learnixx.com\/fr\/mentions-legales\/#breadcrumb\",\"itemListElement\":[{\"@type\":\"ListItem\",\"position\":1,\"name\":\"Home\",\"item\":\"https:\/\/learnixx.com\/\"},{\"@type\":\"ListItem\",\"position\":2,\"name\":\"Mentions l\u00e9gales\"}]},{\"@type\":\"WebSite\",\"@id\":\"https:\/\/learnixx.com\/#website\",\"url\":\"https:\/\/learnixx.com\/\",\"name\":\"Learnixx\",\"description\":\"Votre Passage Vers la Connaissance Num\u00e9rique\",\"publisher\":{\"@id\":\"https:\/\/learnixx.com\/#organization\"},\"potentialAction\":[{\"@type\":\"SearchAction\",\"target\":{\"@type\":\"EntryPoint\",\"urlTemplate\":\"https:\/\/learnixx.com\/?s={search_term_string}\"},\"query-input\":{\"@type\":\"PropertyValueSpecification\",\"valueRequired\":true,\"valueName\":\"search_term_string\"}}],\"inLanguage\":\"en-US\"},{\"@type\":\"Organization\",\"@id\":\"https:\/\/learnixx.com\/#organization\",\"name\":\"Learnixx\",\"url\":\"https:\/\/learnixx.com\/\",\"logo\":{\"@type\":\"ImageObject\",\"inLanguage\":\"en-US\",\"@id\":\"https:\/\/learnixx.com\/#\/schema\/logo\/image\/\",\"url\":\"https:\/\/learnixx.com\/wp-content\/uploads\/2024\/07\/cropped-Favicon.png\",\"contentUrl\":\"https:\/\/learnixx.com\/wp-content\/uploads\/2024\/07\/cropped-Favicon.png\",\"width\":512,\"height\":512,\"caption\":\"Learnixx\"},\"image\":{\"@id\":\"https:\/\/learnixx.com\/#\/schema\/logo\/image\/\"}}]}<\/script>\n<!-- \/ Yoast SEO plugin. -->","yoast_head_json":{"title":"Mentions l\u00e9gales - Learnixx","robots":{"index":"index","follow":"follow","max-snippet":"max-snippet:-1","max-image-preview":"max-image-preview:large","max-video-preview":"max-video-preview:-1"},"canonical":"https:\/\/learnixx.com\/en\/mentions-legales\/","og_locale":"en_US","og_type":"article","og_title":"Mentions l\u00e9gales - Learnixx","og_description":"Mentions l\u00e9gales Les pr\u00e9sentes conditions g\u00e9n\u00e9rales fixent les modalit\u00e9s d&rsquo;utilisation L\u2019utilisateur reconna\u00eet avoir pris connaissance de ce document et accept\u00e9 l\u2019ensemble de ces informations, que cet usage soit fait \u00e0 titre personnel ou professionnel. Si cet usage est fait \u00e0 titre professionnel, l\u2019utilisateur garantit d\u00e9tenir les pouvoirs n\u00e9cessaires pour accepter ces conditions g\u00e9n\u00e9rales au sein [&hellip;]","og_url":"https:\/\/learnixx.com\/en\/mentions-legales\/","og_site_name":"Learnixx","article_modified_time":"2024-10-12T18:07:58+00:00","twitter_card":"summary_large_image","twitter_misc":{"Est. reading time":"3 minutes"},"schema":{"@context":"https:\/\/schema.org","@graph":[{"@type":"WebPage","@id":"https:\/\/learnixx.com\/fr\/mentions-legales\/","url":"https:\/\/learnixx.com\/fr\/mentions-legales\/","name":"Mentions l\u00e9gales - Learnixx","isPartOf":{"@id":"https:\/\/learnixx.com\/#website"},"datePublished":"2024-10-11T10:00:26+00:00","dateModified":"2024-10-12T18:07:58+00:00","breadcrumb":{"@id":"https:\/\/learnixx.com\/fr\/mentions-legales\/#breadcrumb"},"inLanguage":"en-US","potentialAction":[{"@type":"ReadAction","target":["https:\/\/learnixx.com\/fr\/mentions-legales\/"]}]},{"@type":"BreadcrumbList","@id":"https:\/\/learnixx.com\/fr\/mentions-legales\/#breadcrumb","itemListElement":[{"@type":"ListItem","position":1,"name":"Home","item":"https:\/\/learnixx.com\/"},{"@type":"ListItem","position":2,"name":"Mentions l\u00e9gales"}]},{"@type":"WebSite","@id":"https:\/\/learnixx.com\/#website","url":"https:\/\/learnixx.com\/","name":"Learnixx","description":"Votre Passage Vers la Connaissance Num\u00e9rique","publisher":{"@id":"https:\/\/learnixx.com\/#organization"},"potentialAction":[{"@type":"SearchAction","target":{"@type":"EntryPoint","urlTemplate":"https:\/\/learnixx.com\/?s={search_term_string}"},"query-input":{"@type":"PropertyValueSpecification","valueRequired":true,"valueName":"search_term_string"}}],"inLanguage":"en-US"},{"@type":"Organization","@id":"https:\/\/learnixx.com\/#organization","name":"Learnixx","url":"https:\/\/learnixx.com\/","logo":{"@type":"ImageObject","inLanguage":"en-US","@id":"https:\/\/learnixx.com\/#\/schema\/logo\/image\/","url":"https:\/\/learnixx.com\/wp-content\/uploads\/2024\/07\/cropped-Favicon.png","contentUrl":"https:\/\/learnixx.com\/wp-content\/uploads\/2024\/07\/cropped-Favicon.png","width":512,"height":512,"caption":"Learnixx"},"image":{"@id":"https:\/\/learnixx.com\/#\/schema\/logo\/image\/"}}]}},"jetpack_sharing_enabled":true,"_links":{"self":[{"href":"https:\/\/learnixx.com\/en\/wp-json\/wp\/v2\/pages\/18303","targetHints":{"allow":["GET"]}}],"collection":[{"href":"https:\/\/learnixx.com\/en\/wp-json\/wp\/v2\/pages"}],"about":[{"href":"https:\/\/learnixx.com\/en\/wp-json\/wp\/v2\/types\/page"}],"author":[{"embeddable":true,"href":"https:\/\/learnixx.com\/en\/wp-json\/wp\/v2\/users\/1"}],"replies":[{"embeddable":true,"href":"https:\/\/learnixx.com\/en\/wp-json\/wp\/v2\/comments?post=18303"}],"version-history":[{"count":4,"href":"https:\/\/learnixx.com\/en\/wp-json\/wp\/v2\/pages\/18303\/revisions"}],"predecessor-version":[{"id":18435,"href":"https:\/\/learnixx.com\/en\/wp-json\/wp\/v2\/pages\/18303\/revisions\/18435"}],"wp:attachment":[{"href":"https:\/\/learnixx.com\/en\/wp-json\/wp\/v2\/media?parent=18303"}],"curies":[{"name":"wp","href":"https:\/\/api.w.org\/{rel}","templated":true}]}}