{"id":5552,"date":"2023-04-29T11:51:55","date_gmt":"2023-04-29T11:51:55","guid":{"rendered":"https:\/\/learnixx.com\/?page_id=5552"},"modified":"2023-04-29T13:05:50","modified_gmt":"2023-04-29T13:05:50","slug":"retour-d_experience","status":"publish","type":"page","link":"https:\/\/learnixx.com\/en\/retour-d_experience\/","title":{"rendered":"Retour d&rsquo;exp\u00e9rience"},"content":{"rendered":"<div data-elementor-type=\"wp-page\" data-elementor-id=\"5552\" class=\"elementor elementor-5552\" data-elementor-post-type=\"page\">\n\t\t\t\t<div class=\"elementor-element elementor-element-3a2d9f53 e-flex e-con-boxed e-con e-parent\" data-id=\"3a2d9f53\" data-element_type=\"container\" data-settings=\"{&quot;background_background&quot;:&quot;classic&quot;}\">\n\t\t\t\t\t<div class=\"e-con-inner\">\n\t\t<div class=\"elementor-element elementor-element-6a77fa4b e-flex e-con-boxed e-con e-parent\" data-id=\"6a77fa4b\" data-element_type=\"container\">\n\t\t\t\t\t<div class=\"e-con-inner\">\n\t\t\t\t<div class=\"elementor-element elementor-element-8d571d8 elementor-widget elementor-widget-heading\" data-id=\"8d571d8\" data-element_type=\"widget\" data-widget_type=\"heading.default\">\n\t\t\t\t\t<h2 class=\"elementor-heading-title elementor-size-default\">Partagez votre exp\u00e9rience d'apprentissage en ligne avec Learnixx<\/h2>\t\t\t\t<\/div>\n\t\t\t\t<div class=\"elementor-element elementor-element-29ddf00 elementor-widget elementor-widget-text-editor\" data-id=\"29ddf00\" data-element_type=\"widget\" data-widget_type=\"text-editor.default\">\n\t\t\t\t\t\t\t\t\t<p>Nous vous remercions par avance pour votre retour d&rsquo;exp\u00e9rience et pour votre aide \u00e0 am\u00e9liorer notre plateforme. Vos t\u00e9moignages sont essentiels pour nous permettre de vous offrir une exp\u00e9rience d&rsquo;apprentissage en ligne de qualit\u00e9.<\/p>\t\t\t\t\t\t\t\t<\/div>\n\t\t\t\t\t<\/div>\n\t\t\t\t<\/div>\n\t\t\t\t\t<\/div>\n\t\t\t\t<\/div>\n\t\t<div class=\"elementor-element elementor-element-8bf3ca5 e-flex e-con-boxed e-con e-parent\" data-id=\"8bf3ca5\" data-element_type=\"container\">\n\t\t\t\t\t<div class=\"e-con-inner\">\n\t\t<div class=\"elementor-element elementor-element-41279b1 e-flex e-con-boxed e-con e-parent\" data-id=\"41279b1\" data-element_type=\"container\">\n\t\t\t\t\t<div class=\"e-con-inner\">\n\t\t\t\t\t<\/div>\n\t\t\t\t<\/div>\n\t\t\t\t\t<\/div>\n\t\t\t\t<\/div>\n\t\t\t\t<\/div>","protected":false},"excerpt":{"rendered":"<p>Donnez votre avis sur notre plateforme de cours en ligne et partagez votre exp\u00e9rience d&rsquo;apprentissage avec d&rsquo;autres \u00e9tudiants. Chez Learnixx, nous sommes fiers de proposer des cours en ligne de qualit\u00e9 et nous sommes impatients de conna\u00eetre votre opinion.<\/p>","protected":false},"author":1,"featured_media":5555,"parent":0,"menu_order":0,"comment_status":"closed","ping_status":"closed","template":"","meta":{"order-bump-settings":[],"_wpfnl_thankyou_order_overview":"on","_wpfnl_thankyou_order_details":"on","_wpfnl_thankyou_billing_details":"on","_wpfnl_thankyou_shipping_details":"on","footnotes":""},"class_list":["post-5552","page","type-page","status-publish","has-post-thumbnail","hentry"],"yoast_head":"<!-- This site is optimized with the Yoast SEO plugin v24.2 - https:\/\/yoast.com\/wordpress\/plugins\/seo\/ -->\n<title>Partagez votre exp\u00e9rience d&#039;apprentissage en ligne avec Learnixx<\/title>\n<meta name=\"description\" content=\"Donnez votre avis sur notre plateforme de cours en ligne et partagez votre exp\u00e9rience d&#039;apprentissage avec d&#039;autres \u00e9tudiants. Chez Learnixx, nous sommes fiers de proposer des cours en ligne de qualit\u00e9 et nous sommes impatients de conna\u00eetre votre opinion.\" \/>\n<meta name=\"robots\" content=\"index, follow, max-snippet:-1, max-image-preview:large, max-video-preview:-1\" \/>\n<link rel=\"canonical\" href=\"https:\/\/learnixx.com\/en\/retour-d_experience\/\" \/>\n<meta property=\"og:locale\" content=\"en_US\" \/>\n<meta property=\"og:type\" content=\"article\" \/>\n<meta property=\"og:title\" content=\"Partagez votre exp\u00e9rience d&#039;apprentissage en ligne avec Learnixx\" \/>\n<meta property=\"og:description\" content=\"Donnez votre avis sur notre plateforme de cours en ligne et partagez votre exp\u00e9rience d&#039;apprentissage avec d&#039;autres \u00e9tudiants. Chez Learnixx, nous sommes fiers de proposer des cours en ligne de qualit\u00e9 et nous sommes impatients de conna\u00eetre votre opinion.\" \/>\n<meta property=\"og:url\" content=\"https:\/\/learnixx.com\/en\/retour-d_experience\/\" \/>\n<meta property=\"og:site_name\" content=\"Learnixx\" \/>\n<meta property=\"article:modified_time\" content=\"2023-04-29T13:05:50+00:00\" \/>\n<meta property=\"og:image\" content=\"https:\/\/learnixx.com\/wp-content\/uploads\/2023\/04\/retour-dexperience.png\" \/>\n\t<meta property=\"og:image:width\" content=\"889\" \/>\n\t<meta property=\"og:image:height\" content=\"602\" \/>\n\t<meta property=\"og:image:type\" content=\"image\/png\" \/>\n<meta name=\"twitter:card\" content=\"summary_large_image\" \/>\n<meta name=\"twitter:label1\" content=\"Est. reading time\" \/>\n\t<meta name=\"twitter:data1\" content=\"1 minute\" \/>\n<script type=\"application\/ld+json\" class=\"yoast-schema-graph\">{\"@context\":\"https:\/\/schema.org\",\"@graph\":[{\"@type\":\"WebPage\",\"@id\":\"https:\/\/learnixx.com\/retour-d_experience\/\",\"url\":\"https:\/\/learnixx.com\/retour-d_experience\/\",\"name\":\"Partagez votre exp\u00e9rience d'apprentissage en ligne avec Learnixx\",\"isPartOf\":{\"@id\":\"https:\/\/learnixx.com\/#website\"},\"primaryImageOfPage\":{\"@id\":\"https:\/\/learnixx.com\/retour-d_experience\/#primaryimage\"},\"image\":{\"@id\":\"https:\/\/learnixx.com\/retour-d_experience\/#primaryimage\"},\"thumbnailUrl\":\"https:\/\/learnixx.com\/wp-content\/uploads\/2023\/04\/retour-dexperience.png\",\"datePublished\":\"2023-04-29T11:51:55+00:00\",\"dateModified\":\"2023-04-29T13:05:50+00:00\",\"description\":\"Donnez votre avis sur notre plateforme de cours en ligne et partagez votre exp\u00e9rience d'apprentissage avec d'autres \u00e9tudiants. Chez Learnixx, nous sommes fiers de proposer des cours en ligne de qualit\u00e9 et nous sommes impatients de conna\u00eetre votre opinion.\",\"breadcrumb\":{\"@id\":\"https:\/\/learnixx.com\/retour-d_experience\/#breadcrumb\"},\"inLanguage\":\"en-US\",\"potentialAction\":[{\"@type\":\"ReadAction\",\"target\":[\"https:\/\/learnixx.com\/retour-d_experience\/\"]}]},{\"@type\":\"ImageObject\",\"inLanguage\":\"en-US\",\"@id\":\"https:\/\/learnixx.com\/retour-d_experience\/#primaryimage\",\"url\":\"https:\/\/learnixx.com\/wp-content\/uploads\/2023\/04\/retour-dexperience.png\",\"contentUrl\":\"https:\/\/learnixx.com\/wp-content\/uploads\/2023\/04\/retour-dexperience.png\",\"width\":889,\"height\":602},{\"@type\":\"BreadcrumbList\",\"@id\":\"https:\/\/learnixx.com\/retour-d_experience\/#breadcrumb\",\"itemListElement\":[{\"@type\":\"ListItem\",\"position\":1,\"name\":\"Home\",\"item\":\"https:\/\/learnixx.com\/\"},{\"@type\":\"ListItem\",\"position\":2,\"name\":\"Retour d&#8217;exp\u00e9rience\"}]},{\"@type\":\"WebSite\",\"@id\":\"https:\/\/learnixx.com\/#website\",\"url\":\"https:\/\/learnixx.com\/\",\"name\":\"Learnixx\",\"description\":\"Votre Passage Vers la Connaissance Num\u00e9rique\",\"publisher\":{\"@id\":\"https:\/\/learnixx.com\/#organization\"},\"potentialAction\":[{\"@type\":\"SearchAction\",\"target\":{\"@type\":\"EntryPoint\",\"urlTemplate\":\"https:\/\/learnixx.com\/?s={search_term_string}\"},\"query-input\":{\"@type\":\"PropertyValueSpecification\",\"valueRequired\":true,\"valueName\":\"search_term_string\"}}],\"inLanguage\":\"en-US\"},{\"@type\":\"Organization\",\"@id\":\"https:\/\/learnixx.com\/#organization\",\"name\":\"Learnixx\",\"url\":\"https:\/\/learnixx.com\/\",\"logo\":{\"@type\":\"ImageObject\",\"inLanguage\":\"en-US\",\"@id\":\"https:\/\/learnixx.com\/#\/schema\/logo\/image\/\",\"url\":\"https:\/\/learnixx.com\/wp-content\/uploads\/2024\/07\/cropped-Favicon.png\",\"contentUrl\":\"https:\/\/learnixx.com\/wp-content\/uploads\/2024\/07\/cropped-Favicon.png\",\"width\":512,\"height\":512,\"caption\":\"Learnixx\"},\"image\":{\"@id\":\"https:\/\/learnixx.com\/#\/schema\/logo\/image\/\"}}]}<\/script>\n<!-- \/ Yoast SEO plugin. -->","yoast_head_json":{"title":"Partagez votre exp\u00e9rience d'apprentissage en ligne avec Learnixx","description":"Donnez votre avis sur notre plateforme de cours en ligne et partagez votre exp\u00e9rience d'apprentissage avec d'autres \u00e9tudiants. Chez Learnixx, nous sommes fiers de proposer des cours en ligne de qualit\u00e9 et nous sommes impatients de conna\u00eetre votre opinion.","robots":{"index":"index","follow":"follow","max-snippet":"max-snippet:-1","max-image-preview":"max-image-preview:large","max-video-preview":"max-video-preview:-1"},"canonical":"https:\/\/learnixx.com\/en\/retour-d_experience\/","og_locale":"en_US","og_type":"article","og_title":"Partagez votre exp\u00e9rience d'apprentissage en ligne avec Learnixx","og_description":"Donnez votre avis sur notre plateforme de cours en ligne et partagez votre exp\u00e9rience d'apprentissage avec d'autres \u00e9tudiants. Chez Learnixx, nous sommes fiers de proposer des cours en ligne de qualit\u00e9 et nous sommes impatients de conna\u00eetre votre opinion.","og_url":"https:\/\/learnixx.com\/en\/retour-d_experience\/","og_site_name":"Learnixx","article_modified_time":"2023-04-29T13:05:50+00:00","og_image":[{"width":889,"height":602,"url":"https:\/\/learnixx.com\/wp-content\/uploads\/2023\/04\/retour-dexperience.png","type":"image\/png"}],"twitter_card":"summary_large_image","twitter_misc":{"Est. reading time":"1 minute"},"schema":{"@context":"https:\/\/schema.org","@graph":[{"@type":"WebPage","@id":"https:\/\/learnixx.com\/retour-d_experience\/","url":"https:\/\/learnixx.com\/retour-d_experience\/","name":"Partagez votre exp\u00e9rience d'apprentissage en ligne avec Learnixx","isPartOf":{"@id":"https:\/\/learnixx.com\/#website"},"primaryImageOfPage":{"@id":"https:\/\/learnixx.com\/retour-d_experience\/#primaryimage"},"image":{"@id":"https:\/\/learnixx.com\/retour-d_experience\/#primaryimage"},"thumbnailUrl":"https:\/\/learnixx.com\/wp-content\/uploads\/2023\/04\/retour-dexperience.png","datePublished":"2023-04-29T11:51:55+00:00","dateModified":"2023-04-29T13:05:50+00:00","description":"Donnez votre avis sur notre plateforme de cours en ligne et partagez votre exp\u00e9rience d'apprentissage avec d'autres \u00e9tudiants. Chez Learnixx, nous sommes fiers de proposer des cours en ligne de qualit\u00e9 et nous sommes impatients de conna\u00eetre votre opinion.","breadcrumb":{"@id":"https:\/\/learnixx.com\/retour-d_experience\/#breadcrumb"},"inLanguage":"en-US","potentialAction":[{"@type":"ReadAction","target":["https:\/\/learnixx.com\/retour-d_experience\/"]}]},{"@type":"ImageObject","inLanguage":"en-US","@id":"https:\/\/learnixx.com\/retour-d_experience\/#primaryimage","url":"https:\/\/learnixx.com\/wp-content\/uploads\/2023\/04\/retour-dexperience.png","contentUrl":"https:\/\/learnixx.com\/wp-content\/uploads\/2023\/04\/retour-dexperience.png","width":889,"height":602},{"@type":"BreadcrumbList","@id":"https:\/\/learnixx.com\/retour-d_experience\/#breadcrumb","itemListElement":[{"@type":"ListItem","position":1,"name":"Home","item":"https:\/\/learnixx.com\/"},{"@type":"ListItem","position":2,"name":"Retour d&#8217;exp\u00e9rience"}]},{"@type":"WebSite","@id":"https:\/\/learnixx.com\/#website","url":"https:\/\/learnixx.com\/","name":"Learnixx","description":"Votre Passage Vers la Connaissance Num\u00e9rique","publisher":{"@id":"https:\/\/learnixx.com\/#organization"},"potentialAction":[{"@type":"SearchAction","target":{"@type":"EntryPoint","urlTemplate":"https:\/\/learnixx.com\/?s={search_term_string}"},"query-input":{"@type":"PropertyValueSpecification","valueRequired":true,"valueName":"search_term_string"}}],"inLanguage":"en-US"},{"@type":"Organization","@id":"https:\/\/learnixx.com\/#organization","name":"Learnixx","url":"https:\/\/learnixx.com\/","logo":{"@type":"ImageObject","inLanguage":"en-US","@id":"https:\/\/learnixx.com\/#\/schema\/logo\/image\/","url":"https:\/\/learnixx.com\/wp-content\/uploads\/2024\/07\/cropped-Favicon.png","contentUrl":"https:\/\/learnixx.com\/wp-content\/uploads\/2024\/07\/cropped-Favicon.png","width":512,"height":512,"caption":"Learnixx"},"image":{"@id":"https:\/\/learnixx.com\/#\/schema\/logo\/image\/"}}]}},"jetpack_sharing_enabled":true,"_links":{"self":[{"href":"https:\/\/learnixx.com\/en\/wp-json\/wp\/v2\/pages\/5552","targetHints":{"allow":["GET"]}}],"collection":[{"href":"https:\/\/learnixx.com\/en\/wp-json\/wp\/v2\/pages"}],"about":[{"href":"https:\/\/learnixx.com\/en\/wp-json\/wp\/v2\/types\/page"}],"author":[{"embeddable":true,"href":"https:\/\/learnixx.com\/en\/wp-json\/wp\/v2\/users\/1"}],"replies":[{"embeddable":true,"href":"https:\/\/learnixx.com\/en\/wp-json\/wp\/v2\/comments?post=5552"}],"version-history":[{"count":23,"href":"https:\/\/learnixx.com\/en\/wp-json\/wp\/v2\/pages\/5552\/revisions"}],"predecessor-version":[{"id":5580,"href":"https:\/\/learnixx.com\/en\/wp-json\/wp\/v2\/pages\/5552\/revisions\/5580"}],"wp:featuredmedia":[{"embeddable":true,"href":"https:\/\/learnixx.com\/en\/wp-json\/wp\/v2\/media\/5555"}],"wp:attachment":[{"href":"https:\/\/learnixx.com\/en\/wp-json\/wp\/v2\/media?parent=5552"}],"curies":[{"name":"wp","href":"https:\/\/api.w.org\/{rel}","templated":true}]}}