{"id":11569,"date":"2023-10-13T12:08:20","date_gmt":"2023-10-13T12:08:20","guid":{"rendered":"https:\/\/learnixx.com\/?post_type=product&#038;p=11569"},"modified":"2023-10-13T12:10:15","modified_gmt":"2023-10-13T12:10:15","slug":"60k-sprint-ultimate-atteignez-60-000-e-en-4-semaines","status":"publish","type":"product","link":"https:\/\/learnixx.com\/en\/product\/60k-sprint-ultimate-atteignez-60-000-e-en-4-semaines\/","title":{"rendered":"60K Sprint Ultimate : Atteignez 60 000 \u20ac en 4 Semaines"},"content":{"rendered":"<p>Bienvenue dans la formation \u00ab\u00a060K Sprint Ultimate\u00a0\u00bb !<\/p>\n<p>\ud83d\ude80 Imaginez-vous capable de g\u00e9n\u00e9rer 60 000 \u20ac en seulement un mois. Cette formation exceptionnelle, avec un acc\u00e8s \u00e0 vie \u00e0 la formation compl\u00e8te en vid\u00e9o, vous d\u00e9voile les strat\u00e9gies et les tactiques pour atteindre cet incroyable objectif financier.<\/p>\n<p>\ud83d\udcdc D\u00e9couvrez le contenu complet de cette formation qui vous permettra de r\u00e9ussir :<\/p>\n<p><strong>\ud83d\udcf9 Acc\u00e8s \u00e0 vie \u00e0 la formation compl\u00e8te en vid\u00e9o<\/strong><br \/>\nProfitez d&rsquo;un acc\u00e8s illimit\u00e9 pour explorer chaque d\u00e9tail de cette formation et ma\u00eetriser les comp\u00e9tences n\u00e9cessaires pour g\u00e9n\u00e9rer 60 000 \u20ac en 4 semaines.<\/p>\n<p>\ud83c\udfaf <strong>Module<\/strong> <strong>1<\/strong> : Premier lancement (30k\u20ac en 1 semaine)<br \/>\nApprenez les secrets d&rsquo;un lancement r\u00e9ussi qui vous permettra de g\u00e9n\u00e9rer 30 000 \u20ac en une semaine. D\u00e9couvrez les \u00e9tapes cruciales pour maximiser vos revenus.<br \/>\n\ud83c\udfaf <strong>Module<\/strong> <strong>2<\/strong> : Lancements suivants (30k\u20ac en 3 semaines)<br \/>\nExplorez les strat\u00e9gies pour maintenir la croissance de vos revenus en g\u00e9n\u00e9rant 30 000 \u20ac suppl\u00e9mentaires au cours des trois semaines suivantes.<br \/>\n\ud83c\udfaf <strong>Module 3 :<\/strong> Comment scaler son business \u00e0 partir de l\u00e0<br \/>\nApprenez \u00e0 d\u00e9velopper votre entreprise et \u00e0 maintenir un succ\u00e8s financier durable. D\u00e9couvrez comment scaler vos revenus au-del\u00e0 de cette premi\u00e8re \u00e9tape.<\/p>\n<p>\ud83c\udf81 <strong>Bonus<\/strong> : une id\u00e9e de business par abonnement \u00e0 lancer en B2B<\/p>\n<p>Recevez une id\u00e9e de business par abonnement en B2B, vous offrant une opportunit\u00e9 suppl\u00e9mentaire pour g\u00e9n\u00e9rer des revenus continus.<\/p>\n<p><strong>\ud83d\udce2 En prime, b\u00e9n\u00e9ficiez d&rsquo;une licence de droit de revente !<\/strong><br \/>\nVous avez non seulement l&rsquo;opportunit\u00e9 de ma\u00eetriser ces strat\u00e9gies, mais aussi de les revendre l\u00e9galement pour des profits suppl\u00e9mentaires. De plus, avec une demande grandissante pour ce type de formation sur le march\u00e9, en devenant un infopreneur l\u00e9gal, vous serez parfaitement positionn\u00e9 pour capitaliser sur cette opportunit\u00e9 in\u00e9gal\u00e9e.<\/p>\n<p>\ud83d\udcc8 Pr\u00e9parez-vous \u00e0 g\u00e9n\u00e9rer 60 000 \u20ac en seulement 4 semaines.<\/p>\n<p>&nbsp;<\/p>\n<p>Rejoignez notre formation d\u00e8s maintenant et devenez l&rsquo;un des premiers \u00e0 saisir cette opportunit\u00e9 pour un succ\u00e8s financier rapide ! \ud83d\udcc8<\/p>","protected":false},"excerpt":{"rendered":"<p>Bienvenue dans la formation \u00ab\u00a060K Sprint Ultimate\u00a0\u00bb ! \ud83d\ude80 Imaginez-vous capable de g\u00e9n\u00e9rer 60 000 \u20ac en seulement un mois. Cette formation exceptionnelle, avec un acc\u00e8s \u00e0 vie \u00e0 la formation compl\u00e8te en vid\u00e9o, vous d\u00e9voile les strat\u00e9gies et les tactiques pour atteindre cet incroyable objectif financier. \ud83d\udcdc D\u00e9couvrez le contenu complet de cette formation [&hellip;]<\/p>","protected":false},"featured_media":11574,"comment_status":"open","ping_status":"closed","template":"","meta":{"order-bump-settings":[],"_wpfnl_thankyou_order_overview":"on","_wpfnl_thankyou_order_details":"on","_wpfnl_thankyou_billing_details":"on","_wpfnl_thankyou_shipping_details":"on"},"product_cat":[17],"product_tag":[],"class_list":{"0":"post-11569","1":"product","2":"type-product","3":"status-publish","4":"has-post-thumbnail","6":"product_cat-uncategorized","8":"first","9":"instock","10":"sale","11":"downloadable","12":"virtual","13":"purchasable","14":"product-type-simple"},"yoast_head":"<!-- This site is optimized with the Yoast SEO plugin v24.2 - https:\/\/yoast.com\/wordpress\/plugins\/seo\/ -->\n<title>60K Sprint Ultimate : Atteignez 60 000 \u20ac en 4 Semaines - Learnixx<\/title>\n<meta name=\"robots\" content=\"index, follow, max-snippet:-1, max-image-preview:large, max-video-preview:-1\" \/>\n<link rel=\"canonical\" href=\"https:\/\/learnixx.com\/en\/product\/60k-sprint-ultimate-atteignez-60-000-e-en-4-semaines\/\" \/>\n<meta property=\"og:locale\" content=\"en_US\" \/>\n<meta property=\"og:type\" content=\"article\" \/>\n<meta property=\"og:title\" content=\"60K Sprint Ultimate : Atteignez 60 000 \u20ac en 4 Semaines - Learnixx\" \/>\n<meta property=\"og:description\" content=\"Bienvenue dans la formation \u00ab\u00a060K Sprint Ultimate\u00a0\u00bb ! \ud83d\ude80 Imaginez-vous capable de g\u00e9n\u00e9rer 60 000 \u20ac en seulement un mois. Cette formation exceptionnelle, avec un acc\u00e8s \u00e0 vie \u00e0 la formation compl\u00e8te en vid\u00e9o, vous d\u00e9voile les strat\u00e9gies et les tactiques pour atteindre cet incroyable objectif financier. \ud83d\udcdc D\u00e9couvrez le contenu complet de cette formation [&hellip;]\" \/>\n<meta property=\"og:url\" content=\"https:\/\/learnixx.com\/en\/product\/60k-sprint-ultimate-atteignez-60-000-e-en-4-semaines\/\" \/>\n<meta property=\"og:site_name\" content=\"Learnixx\" \/>\n<meta property=\"article:modified_time\" content=\"2023-10-13T12:10:15+00:00\" \/>\n<meta property=\"og:image\" content=\"https:\/\/learnixx.com\/wp-content\/uploads\/2023\/10\/60K-Sprint-Ultimate-scaled.jpg\" \/>\n\t<meta property=\"og:image:width\" content=\"2560\" \/>\n\t<meta property=\"og:image:height\" content=\"1707\" \/>\n\t<meta property=\"og:image:type\" content=\"image\/jpeg\" \/>\n<meta name=\"twitter:card\" content=\"summary_large_image\" \/>\n<meta name=\"twitter:label1\" content=\"Est. reading time\" \/>\n\t<meta name=\"twitter:data1\" content=\"2 minutes\" \/>\n<script type=\"application\/ld+json\" class=\"yoast-schema-graph\">{\"@context\":\"https:\/\/schema.org\",\"@graph\":[{\"@type\":\"WebPage\",\"@id\":\"https:\/\/learnixx.com\/produit\/60k-sprint-ultimate-atteignez-60-000-e-en-4-semaines\",\"url\":\"https:\/\/learnixx.com\/produit\/60k-sprint-ultimate-atteignez-60-000-e-en-4-semaines\",\"name\":\"60K Sprint Ultimate : Atteignez 60 000 \u20ac en 4 Semaines - Learnixx\",\"isPartOf\":{\"@id\":\"https:\/\/learnixx.com\/#website\"},\"primaryImageOfPage\":{\"@id\":\"https:\/\/learnixx.com\/produit\/60k-sprint-ultimate-atteignez-60-000-e-en-4-semaines#primaryimage\"},\"image\":{\"@id\":\"https:\/\/learnixx.com\/produit\/60k-sprint-ultimate-atteignez-60-000-e-en-4-semaines#primaryimage\"},\"thumbnailUrl\":\"https:\/\/learnixx.com\/wp-content\/uploads\/2023\/10\/60K-Sprint-Ultimate-scaled.jpg\",\"datePublished\":\"2023-10-13T12:08:20+00:00\",\"dateModified\":\"2023-10-13T12:10:15+00:00\",\"breadcrumb\":{\"@id\":\"https:\/\/learnixx.com\/produit\/60k-sprint-ultimate-atteignez-60-000-e-en-4-semaines#breadcrumb\"},\"inLanguage\":\"en-US\",\"potentialAction\":[{\"@type\":\"ReadAction\",\"target\":[\"https:\/\/learnixx.com\/produit\/60k-sprint-ultimate-atteignez-60-000-e-en-4-semaines\"]}]},{\"@type\":\"ImageObject\",\"inLanguage\":\"en-US\",\"@id\":\"https:\/\/learnixx.com\/produit\/60k-sprint-ultimate-atteignez-60-000-e-en-4-semaines#primaryimage\",\"url\":\"https:\/\/learnixx.com\/wp-content\/uploads\/2023\/10\/60K-Sprint-Ultimate-scaled.jpg\",\"contentUrl\":\"https:\/\/learnixx.com\/wp-content\/uploads\/2023\/10\/60K-Sprint-Ultimate-scaled.jpg\",\"width\":2560,\"height\":1707},{\"@type\":\"BreadcrumbList\",\"@id\":\"https:\/\/learnixx.com\/produit\/60k-sprint-ultimate-atteignez-60-000-e-en-4-semaines#breadcrumb\",\"itemListElement\":[{\"@type\":\"ListItem\",\"position\":1,\"name\":\"Home\",\"item\":\"https:\/\/learnixx.com\/\"},{\"@type\":\"ListItem\",\"position\":2,\"name\":\"Boutique de produits digitaux\",\"item\":\"https:\/\/learnixx.com\/boutique-de-produits-digitaux\/\"},{\"@type\":\"ListItem\",\"position\":3,\"name\":\"60K Sprint Ultimate : Atteignez 60 000 \u20ac en 4 Semaines\"}]},{\"@type\":\"WebSite\",\"@id\":\"https:\/\/learnixx.com\/#website\",\"url\":\"https:\/\/learnixx.com\/\",\"name\":\"Learnixx\",\"description\":\"Votre Passage Vers la Connaissance Num\u00e9rique\",\"publisher\":{\"@id\":\"https:\/\/learnixx.com\/#organization\"},\"potentialAction\":[{\"@type\":\"SearchAction\",\"target\":{\"@type\":\"EntryPoint\",\"urlTemplate\":\"https:\/\/learnixx.com\/?s={search_term_string}\"},\"query-input\":{\"@type\":\"PropertyValueSpecification\",\"valueRequired\":true,\"valueName\":\"search_term_string\"}}],\"inLanguage\":\"en-US\"},{\"@type\":\"Organization\",\"@id\":\"https:\/\/learnixx.com\/#organization\",\"name\":\"Learnixx\",\"url\":\"https:\/\/learnixx.com\/\",\"logo\":{\"@type\":\"ImageObject\",\"inLanguage\":\"en-US\",\"@id\":\"https:\/\/learnixx.com\/#\/schema\/logo\/image\/\",\"url\":\"https:\/\/learnixx.com\/wp-content\/uploads\/2024\/07\/cropped-Favicon.png\",\"contentUrl\":\"https:\/\/learnixx.com\/wp-content\/uploads\/2024\/07\/cropped-Favicon.png\",\"width\":512,\"height\":512,\"caption\":\"Learnixx\"},\"image\":{\"@id\":\"https:\/\/learnixx.com\/#\/schema\/logo\/image\/\"}}]}<\/script>\n<!-- \/ Yoast SEO plugin. -->","yoast_head_json":{"title":"60K Sprint Ultimate : Atteignez 60 000 \u20ac en 4 Semaines - Learnixx","robots":{"index":"index","follow":"follow","max-snippet":"max-snippet:-1","max-image-preview":"max-image-preview:large","max-video-preview":"max-video-preview:-1"},"canonical":"https:\/\/learnixx.com\/en\/product\/60k-sprint-ultimate-atteignez-60-000-e-en-4-semaines\/","og_locale":"en_US","og_type":"article","og_title":"60K Sprint Ultimate : Atteignez 60 000 \u20ac en 4 Semaines - Learnixx","og_description":"Bienvenue dans la formation \u00ab\u00a060K Sprint Ultimate\u00a0\u00bb ! \ud83d\ude80 Imaginez-vous capable de g\u00e9n\u00e9rer 60 000 \u20ac en seulement un mois. Cette formation exceptionnelle, avec un acc\u00e8s \u00e0 vie \u00e0 la formation compl\u00e8te en vid\u00e9o, vous d\u00e9voile les strat\u00e9gies et les tactiques pour atteindre cet incroyable objectif financier. \ud83d\udcdc D\u00e9couvrez le contenu complet de cette formation [&hellip;]","og_url":"https:\/\/learnixx.com\/en\/product\/60k-sprint-ultimate-atteignez-60-000-e-en-4-semaines\/","og_site_name":"Learnixx","article_modified_time":"2023-10-13T12:10:15+00:00","og_image":[{"width":2560,"height":1707,"url":"https:\/\/learnixx.com\/wp-content\/uploads\/2023\/10\/60K-Sprint-Ultimate-scaled.jpg","type":"image\/jpeg"}],"twitter_card":"summary_large_image","twitter_misc":{"Est. reading time":"2 minutes"},"schema":{"@context":"https:\/\/schema.org","@graph":[{"@type":"WebPage","@id":"https:\/\/learnixx.com\/produit\/60k-sprint-ultimate-atteignez-60-000-e-en-4-semaines","url":"https:\/\/learnixx.com\/produit\/60k-sprint-ultimate-atteignez-60-000-e-en-4-semaines","name":"60K Sprint Ultimate : Atteignez 60 000 \u20ac en 4 Semaines - Learnixx","isPartOf":{"@id":"https:\/\/learnixx.com\/#website"},"primaryImageOfPage":{"@id":"https:\/\/learnixx.com\/produit\/60k-sprint-ultimate-atteignez-60-000-e-en-4-semaines#primaryimage"},"image":{"@id":"https:\/\/learnixx.com\/produit\/60k-sprint-ultimate-atteignez-60-000-e-en-4-semaines#primaryimage"},"thumbnailUrl":"https:\/\/learnixx.com\/wp-content\/uploads\/2023\/10\/60K-Sprint-Ultimate-scaled.jpg","datePublished":"2023-10-13T12:08:20+00:00","dateModified":"2023-10-13T12:10:15+00:00","breadcrumb":{"@id":"https:\/\/learnixx.com\/produit\/60k-sprint-ultimate-atteignez-60-000-e-en-4-semaines#breadcrumb"},"inLanguage":"en-US","potentialAction":[{"@type":"ReadAction","target":["https:\/\/learnixx.com\/produit\/60k-sprint-ultimate-atteignez-60-000-e-en-4-semaines"]}]},{"@type":"ImageObject","inLanguage":"en-US","@id":"https:\/\/learnixx.com\/produit\/60k-sprint-ultimate-atteignez-60-000-e-en-4-semaines#primaryimage","url":"https:\/\/learnixx.com\/wp-content\/uploads\/2023\/10\/60K-Sprint-Ultimate-scaled.jpg","contentUrl":"https:\/\/learnixx.com\/wp-content\/uploads\/2023\/10\/60K-Sprint-Ultimate-scaled.jpg","width":2560,"height":1707},{"@type":"BreadcrumbList","@id":"https:\/\/learnixx.com\/produit\/60k-sprint-ultimate-atteignez-60-000-e-en-4-semaines#breadcrumb","itemListElement":[{"@type":"ListItem","position":1,"name":"Home","item":"https:\/\/learnixx.com\/"},{"@type":"ListItem","position":2,"name":"Boutique de produits digitaux","item":"https:\/\/learnixx.com\/boutique-de-produits-digitaux\/"},{"@type":"ListItem","position":3,"name":"60K Sprint Ultimate : Atteignez 60 000 \u20ac en 4 Semaines"}]},{"@type":"WebSite","@id":"https:\/\/learnixx.com\/#website","url":"https:\/\/learnixx.com\/","name":"Learnixx","description":"Votre Passage Vers la Connaissance Num\u00e9rique","publisher":{"@id":"https:\/\/learnixx.com\/#organization"},"potentialAction":[{"@type":"SearchAction","target":{"@type":"EntryPoint","urlTemplate":"https:\/\/learnixx.com\/?s={search_term_string}"},"query-input":{"@type":"PropertyValueSpecification","valueRequired":true,"valueName":"search_term_string"}}],"inLanguage":"en-US"},{"@type":"Organization","@id":"https:\/\/learnixx.com\/#organization","name":"Learnixx","url":"https:\/\/learnixx.com\/","logo":{"@type":"ImageObject","inLanguage":"en-US","@id":"https:\/\/learnixx.com\/#\/schema\/logo\/image\/","url":"https:\/\/learnixx.com\/wp-content\/uploads\/2024\/07\/cropped-Favicon.png","contentUrl":"https:\/\/learnixx.com\/wp-content\/uploads\/2024\/07\/cropped-Favicon.png","width":512,"height":512,"caption":"Learnixx"},"image":{"@id":"https:\/\/learnixx.com\/#\/schema\/logo\/image\/"}}]}},"jetpack_sharing_enabled":true,"_links":{"self":[{"href":"https:\/\/learnixx.com\/en\/wp-json\/wp\/v2\/product\/11569","targetHints":{"allow":["GET"]}}],"collection":[{"href":"https:\/\/learnixx.com\/en\/wp-json\/wp\/v2\/product"}],"about":[{"href":"https:\/\/learnixx.com\/en\/wp-json\/wp\/v2\/types\/product"}],"replies":[{"embeddable":true,"href":"https:\/\/learnixx.com\/en\/wp-json\/wp\/v2\/comments?post=11569"}],"version-history":[{"count":2,"href":"https:\/\/learnixx.com\/en\/wp-json\/wp\/v2\/product\/11569\/revisions"}],"predecessor-version":[{"id":11573,"href":"https:\/\/learnixx.com\/en\/wp-json\/wp\/v2\/product\/11569\/revisions\/11573"}],"wp:featuredmedia":[{"embeddable":true,"href":"https:\/\/learnixx.com\/en\/wp-json\/wp\/v2\/media\/11574"}],"wp:attachment":[{"href":"https:\/\/learnixx.com\/en\/wp-json\/wp\/v2\/media?parent=11569"}],"wp:term":[{"taxonomy":"product_cat","embeddable":true,"href":"https:\/\/learnixx.com\/en\/wp-json\/wp\/v2\/product_cat?post=11569"},{"taxonomy":"product_tag","embeddable":true,"href":"https:\/\/learnixx.com\/en\/wp-json\/wp\/v2\/product_tag?post=11569"}],"curies":[{"name":"wp","href":"https:\/\/api.w.org\/{rel}","templated":true}]}}