{"id":15761,"date":"2021-04-19T10:32:29","date_gmt":"2021-04-19T10:32:29","guid":{"rendered":"https:\/\/preview.tutorlms.com\/elementor-marketplace\/?page_id=1705"},"modified":"2025-01-10T16:51:54","modified_gmt":"2025-01-10T15:51:54","slug":"contact","status":"publish","type":"page","link":"https:\/\/learnixx.com\/fr\/contact\/","title":{"rendered":"Contact"},"content":{"rendered":"\t\t<div data-elementor-type=\"wp-page\" data-elementor-id=\"15761\" class=\"elementor elementor-15761\" data-elementor-post-type=\"page\">\n\t\t\t\t<div class=\"elementor-element elementor-element-3d8393c e-flex e-con-boxed e-con e-parent\" data-id=\"3d8393c\" data-element_type=\"container\">\n\t\t\t\t\t<div class=\"e-con-inner\">\n\t\t<div class=\"elementor-element elementor-element-93ef03f e-con-full e-flex e-con e-child\" data-id=\"93ef03f\" data-element_type=\"container\" data-settings=\"{&quot;background_background&quot;:&quot;classic&quot;}\">\n\t\t<div class=\"elementor-element elementor-element-7bc3276 e-con-full e-flex e-con e-child\" data-id=\"7bc3276\" data-element_type=\"container\">\n\t\t\t\t<div class=\"elementor-element elementor-element-e328523 elementor-widget elementor-widget-heading\" data-id=\"e328523\" data-element_type=\"widget\" data-widget_type=\"heading.default\">\n\t\t\t\t\t<h2 class=\"elementor-heading-title elementor-size-default\">Contactez-nous<\/h2>\t\t\t\t<\/div>\n\t\t\t\t<div class=\"elementor-element elementor-element-1e3d376 elementor-widget__width-initial elementor-widget elementor-widget-text-editor\" data-id=\"1e3d376\" data-element_type=\"widget\" data-widget_type=\"text-editor.default\">\n\t\t\t\t\t\t\t\t\t<p>Si vous avez des pr\u00e9occupations ou pour nous aider \u00e0 am\u00e9liorer votre exp\u00e9rience, l&rsquo;\u00e9quipe <strong>Learnixx<\/strong> est \u00e0 votre \u00e9coute.<\/p>\t\t\t\t\t\t\t\t<\/div>\n\t\t\t\t<div class=\"elementor-element elementor-element-5c223ce elementor-widget elementor-widget-ts-advanced-list\" data-id=\"5c223ce\" data-element_type=\"widget\" data-widget_type=\"ts-advanced-list.default\">\n\t\t\t\t\t<ul class=\"flexify simplify-ul ts-advanced-list\">\n\t\n\t\t\t\t\t\t\t<li class=\"elementor-repeater-item-263a0f8 flexify ts-action\"\n\t\t\t\t\t>\t\t\t\t\t\t<a href=\"tel:0191763385\" target=\"_blank\" rel=\"nofollow\" class=\"ts-action-con\">\n\t\t\t\t<div class=\"ts-action-icon\"><i aria-hidden=\"true\" class=\"las la-phone-alt\"><\/i><\/div>\n\t\t\t\t+229 01 91 76 33 85\t\t\t<\/a>\n\t\t\t<\/li>\t\t\t\n\t\t\t\t\t\t\t<li class=\"elementor-repeater-item-4812631 flexify ts-action\"\n\t\t\t\t\t>\t\t\t\t\t\t<a href=\"https:\/\/wa.me\/22991763385\" target=\"_blank\" rel=\"nofollow\" class=\"ts-action-con\">\n\t\t\t\t<div class=\"ts-action-icon\"><i aria-hidden=\"true\" class=\"lab la-whatsapp\"><\/i><\/div>\n\t\t\t\t+229 91 76 33 85\t\t\t<\/a>\n\t\t\t<\/li>\t\t\t\n\t\t\t\t\t\t\t<li class=\"elementor-repeater-item-6e68472 flexify ts-action\"\n\t\t\t\t\t>\t\t\t\t\t\t<a href=\"mailto:contact@learnixx.com\" target=\"_blank\" rel=\"nofollow\" class=\"ts-action-con\">\n\t\t\t\t<div class=\"ts-action-icon\"><i aria-hidden=\"true\" class=\"las la-envelope\"><\/i><\/div>\n\t\t\t\tcontact@learnixx.com\t\t\t<\/a>\n\t\t\t<\/li>\t\t\t<\/ul>\n\t\t\t\t<\/div>\n\t\t\t\t<\/div>\n\t\t\t\t<\/div>\n\t\t\t\t\t<\/div>\n\t\t\t\t<\/div>\n\t\t<div class=\"elementor-element elementor-element-6adcafe e-flex e-con-boxed e-con e-parent\" data-id=\"6adcafe\" data-element_type=\"container\">\n\t\t\t\t\t<div class=\"e-con-inner\">\n\t\t<div class=\"elementor-element elementor-element-63c6348 e-con-full e-flex e-con e-child\" data-id=\"63c6348\" data-element_type=\"container\">\n\t\t\t\t<div class=\"elementor-element elementor-element-ca2c209 elementor-widget elementor-widget-heading\" data-id=\"ca2c209\" data-element_type=\"widget\" data-widget_type=\"heading.default\">\n\t\t\t\t\t<h2 class=\"elementor-heading-title elementor-size-default\">Remplissez et soumettez<\/h2>\t\t\t\t<\/div>\n\t\t\t\t<div class=\"elementor-element elementor-element-8fb41bb elementor-button-align-stretch elementor-widget elementor-widget-form\" data-id=\"8fb41bb\" data-element_type=\"widget\" data-settings=\"{&quot;step_next_label&quot;:&quot;Suivant&quot;,&quot;step_previous_label&quot;:&quot;Pr\\u00e9c\\u00e9dent&quot;,&quot;button_width&quot;:&quot;100&quot;,&quot;step_type&quot;:&quot;number_text&quot;,&quot;step_icon_shape&quot;:&quot;circle&quot;}\" data-widget_type=\"form.default\">\n\t\t\t\t<div class=\"elementor-widget-container\">\n\t\t\t\t\t\t\t<form class=\"elementor-form\" method=\"post\" name=\"Contact\">\n\t\t\t<input type=\"hidden\" name=\"post_id\" value=\"15761\"\/>\n\t\t\t<input type=\"hidden\" name=\"form_id\" value=\"8fb41bb\"\/>\n\t\t\t<input type=\"hidden\" name=\"referer_title\" value=\"Learnixx\" \/>\n\n\t\t\t\n\t\t\t<div class=\"elementor-form-fields-wrapper elementor-labels-\">\n\t\t\t\t\t\t\t\t<div class=\"elementor-field-type-text elementor-field-group elementor-column elementor-field-group-name elementor-col-50\">\n\t\t\t\t\t\t\t\t\t\t\t\t<label for=\"form-field-name\" class=\"elementor-field-label elementor-screen-only\">\n\t\t\t\t\t\t\t\tNom\t\t\t\t\t\t\t<\/label>\n\t\t\t\t\t\t\t\t\t\t\t\t\t\t<input size=\"1\" type=\"text\" name=\"form_fields[name]\" id=\"form-field-name\" class=\"elementor-field elementor-size-md  elementor-field-textual\" placeholder=\"Nom\">\n\t\t\t\t\t\t\t\t\t\t\t<\/div>\n\t\t\t\t\t\t\t\t<div class=\"elementor-field-type-text elementor-field-group elementor-column elementor-field-group-field_f708662 elementor-col-50\">\n\t\t\t\t\t\t\t\t\t\t\t\t<label for=\"form-field-field_f708662\" class=\"elementor-field-label elementor-screen-only\">\n\t\t\t\t\t\t\t\tPr\u00e9nom(s)\t\t\t\t\t\t\t<\/label>\n\t\t\t\t\t\t\t\t\t\t\t\t\t\t<input size=\"1\" type=\"text\" name=\"form_fields[field_f708662]\" id=\"form-field-field_f708662\" class=\"elementor-field elementor-size-md  elementor-field-textual\" placeholder=\"Pr\u00e9nom(s)\">\n\t\t\t\t\t\t\t\t\t\t\t<\/div>\n\t\t\t\t\t\t\t\t<div class=\"elementor-field-type-email elementor-field-group elementor-column elementor-field-group-email elementor-col-100 elementor-field-required\">\n\t\t\t\t\t\t\t\t\t\t\t\t<label for=\"form-field-email\" class=\"elementor-field-label elementor-screen-only\">\n\t\t\t\t\t\t\t\tE-mail\t\t\t\t\t\t\t<\/label>\n\t\t\t\t\t\t\t\t\t\t\t\t\t\t<input size=\"1\" type=\"email\" name=\"form_fields[email]\" id=\"form-field-email\" class=\"elementor-field elementor-size-md  elementor-field-textual\" placeholder=\"E-mail\" required=\"required\" aria-required=\"true\">\n\t\t\t\t\t\t\t\t\t\t\t<\/div>\n\t\t\t\t\t\t\t\t<div class=\"elementor-field-type-text elementor-field-group elementor-column elementor-field-group-field_63f381e elementor-col-100 elementor-field-required\">\n\t\t\t\t\t\t\t\t\t\t\t\t<label for=\"form-field-field_63f381e\" class=\"elementor-field-label elementor-screen-only\">\n\t\t\t\t\t\t\t\tSujet\t\t\t\t\t\t\t<\/label>\n\t\t\t\t\t\t\t\t\t\t\t\t\t\t<input size=\"1\" type=\"text\" name=\"form_fields[field_63f381e]\" id=\"form-field-field_63f381e\" class=\"elementor-field elementor-size-md  elementor-field-textual\" placeholder=\"Sujet de contact\" required=\"required\" aria-required=\"true\">\n\t\t\t\t\t\t\t\t\t\t\t<\/div>\n\t\t\t\t\t\t\t\t<div class=\"elementor-field-type-textarea elementor-field-group elementor-column elementor-field-group-message elementor-col-100\">\n\t\t\t\t\t\t\t\t\t\t\t\t<label for=\"form-field-message\" class=\"elementor-field-label elementor-screen-only\">\n\t\t\t\t\t\t\t\tMessage\t\t\t\t\t\t\t<\/label>\n\t\t\t\t\t\t<textarea class=\"elementor-field-textual elementor-field  elementor-size-md\" name=\"form_fields[message]\" id=\"form-field-message\" rows=\"10\" placeholder=\"Message\"><\/textarea>\t\t\t\t<\/div>\n\t\t\t\t\t\t\t\t<div class=\"elementor-field-group elementor-column elementor-field-type-submit elementor-col-100 e-form__buttons\">\n\t\t\t\t\t<button class=\"elementor-button elementor-size-md\" type=\"submit\">\n\t\t\t\t\t\t<span class=\"elementor-button-content-wrapper\">\n\t\t\t\t\t\t\t\t\t\t\t\t\t\t\t\t\t\t\t\t\t\t<span class=\"elementor-button-text\">Envoyer mon message<\/span>\n\t\t\t\t\t\t\t\t\t\t\t\t\t<\/span>\n\t\t\t\t\t<\/button>\n\t\t\t\t<\/div>\n\t\t\t<\/div>\n\t\t<\/form>\n\t\t\t\t\t\t<\/div>\n\t\t\t\t<\/div>\n\t\t\t\t<\/div>\n\t\t\t\t\t<\/div>\n\t\t\t\t<\/div>\n\t\t\t\t<\/div>\n\t\t","protected":false},"excerpt":{"rendered":"<p>Contactez-nous Si vous avez des pr\u00e9occupations ou pour nous aider \u00e0 am\u00e9liorer votre exp\u00e9rience, l&rsquo;\u00e9quipe Learnixx est \u00e0 votre \u00e9coute. Remplissez et soumettez<\/p>\n","protected":false},"author":1,"featured_media":0,"parent":0,"menu_order":0,"comment_status":"closed","ping_status":"closed","template":"elementor_header_footer","meta":{"order-bump-settings":[],"_wpfnl_thankyou_order_overview":"on","_wpfnl_thankyou_order_details":"on","_wpfnl_thankyou_billing_details":"on","_wpfnl_thankyou_shipping_details":"on","footnotes":""},"class_list":["post-15761","page","type-page","status-publish","hentry"],"yoast_head":"<!-- This site is optimized with the Yoast SEO plugin v24.2 - https:\/\/yoast.com\/wordpress\/plugins\/seo\/ -->\n<title>Contact - Learnixx<\/title>\n<meta name=\"robots\" content=\"index, follow, max-snippet:-1, max-image-preview:large, max-video-preview:-1\" \/>\n<link rel=\"canonical\" href=\"https:\/\/learnixx.com\/fr\/contact\/\" \/>\n<meta property=\"og:locale\" content=\"fr_FR\" \/>\n<meta property=\"og:type\" content=\"article\" \/>\n<meta property=\"og:title\" content=\"Contact - Learnixx\" \/>\n<meta property=\"og:description\" content=\"Contactez-nous Si vous avez des pr\u00e9occupations ou pour nous aider \u00e0 am\u00e9liorer votre exp\u00e9rience, l&rsquo;\u00e9quipe Learnixx est \u00e0 votre \u00e9coute. Remplissez et soumettez\" \/>\n<meta property=\"og:url\" content=\"https:\/\/learnixx.com\/fr\/contact\/\" \/>\n<meta property=\"og:site_name\" content=\"Learnixx\" \/>\n<meta property=\"article:modified_time\" content=\"2025-01-10T15:51:54+00:00\" \/>\n<meta name=\"twitter:card\" content=\"summary_large_image\" \/>\n<meta name=\"twitter:label1\" content=\"Dur\u00e9e de lecture estim\u00e9e\" \/>\n\t<meta name=\"twitter:data1\" content=\"1 minute\" \/>\n<script type=\"application\/ld+json\" class=\"yoast-schema-graph\">{\"@context\":\"https:\/\/schema.org\",\"@graph\":[{\"@type\":\"WebPage\",\"@id\":\"https:\/\/learnixx.com\/contact\/\",\"url\":\"https:\/\/learnixx.com\/contact\/\",\"name\":\"Contact - Learnixx\",\"isPartOf\":{\"@id\":\"https:\/\/learnixx.com\/#website\"},\"datePublished\":\"2021-04-19T10:32:29+00:00\",\"dateModified\":\"2025-01-10T15:51:54+00:00\",\"breadcrumb\":{\"@id\":\"https:\/\/learnixx.com\/contact\/#breadcrumb\"},\"inLanguage\":\"fr-FR\",\"potentialAction\":[{\"@type\":\"ReadAction\",\"target\":[\"https:\/\/learnixx.com\/contact\/\"]}]},{\"@type\":\"BreadcrumbList\",\"@id\":\"https:\/\/learnixx.com\/contact\/#breadcrumb\",\"itemListElement\":[{\"@type\":\"ListItem\",\"position\":1,\"name\":\"Home\",\"item\":\"https:\/\/learnixx.com\/\"},{\"@type\":\"ListItem\",\"position\":2,\"name\":\"Contact\"}]},{\"@type\":\"WebSite\",\"@id\":\"https:\/\/learnixx.com\/#website\",\"url\":\"https:\/\/learnixx.com\/\",\"name\":\"Learnixx\",\"description\":\"Votre Passage Vers la Connaissance Num\u00e9rique\",\"publisher\":{\"@id\":\"https:\/\/learnixx.com\/#organization\"},\"potentialAction\":[{\"@type\":\"SearchAction\",\"target\":{\"@type\":\"EntryPoint\",\"urlTemplate\":\"https:\/\/learnixx.com\/?s={search_term_string}\"},\"query-input\":{\"@type\":\"PropertyValueSpecification\",\"valueRequired\":true,\"valueName\":\"search_term_string\"}}],\"inLanguage\":\"fr-FR\"},{\"@type\":\"Organization\",\"@id\":\"https:\/\/learnixx.com\/#organization\",\"name\":\"Learnixx\",\"url\":\"https:\/\/learnixx.com\/\",\"logo\":{\"@type\":\"ImageObject\",\"inLanguage\":\"fr-FR\",\"@id\":\"https:\/\/learnixx.com\/#\/schema\/logo\/image\/\",\"url\":\"https:\/\/learnixx.com\/wp-content\/uploads\/2024\/07\/cropped-Favicon.png\",\"contentUrl\":\"https:\/\/learnixx.com\/wp-content\/uploads\/2024\/07\/cropped-Favicon.png\",\"width\":512,\"height\":512,\"caption\":\"Learnixx\"},\"image\":{\"@id\":\"https:\/\/learnixx.com\/#\/schema\/logo\/image\/\"}}]}<\/script>\n<!-- \/ Yoast SEO plugin. -->","yoast_head_json":{"title":"Contact - Learnixx","robots":{"index":"index","follow":"follow","max-snippet":"max-snippet:-1","max-image-preview":"max-image-preview:large","max-video-preview":"max-video-preview:-1"},"canonical":"https:\/\/learnixx.com\/fr\/contact\/","og_locale":"fr_FR","og_type":"article","og_title":"Contact - Learnixx","og_description":"Contactez-nous Si vous avez des pr\u00e9occupations ou pour nous aider \u00e0 am\u00e9liorer votre exp\u00e9rience, l&rsquo;\u00e9quipe Learnixx est \u00e0 votre \u00e9coute. Remplissez et soumettez","og_url":"https:\/\/learnixx.com\/fr\/contact\/","og_site_name":"Learnixx","article_modified_time":"2025-01-10T15:51:54+00:00","twitter_card":"summary_large_image","twitter_misc":{"Dur\u00e9e de lecture estim\u00e9e":"1 minute"},"schema":{"@context":"https:\/\/schema.org","@graph":[{"@type":"WebPage","@id":"https:\/\/learnixx.com\/contact\/","url":"https:\/\/learnixx.com\/contact\/","name":"Contact - Learnixx","isPartOf":{"@id":"https:\/\/learnixx.com\/#website"},"datePublished":"2021-04-19T10:32:29+00:00","dateModified":"2025-01-10T15:51:54+00:00","breadcrumb":{"@id":"https:\/\/learnixx.com\/contact\/#breadcrumb"},"inLanguage":"fr-FR","potentialAction":[{"@type":"ReadAction","target":["https:\/\/learnixx.com\/contact\/"]}]},{"@type":"BreadcrumbList","@id":"https:\/\/learnixx.com\/contact\/#breadcrumb","itemListElement":[{"@type":"ListItem","position":1,"name":"Home","item":"https:\/\/learnixx.com\/"},{"@type":"ListItem","position":2,"name":"Contact"}]},{"@type":"WebSite","@id":"https:\/\/learnixx.com\/#website","url":"https:\/\/learnixx.com\/","name":"Learnixx","description":"Votre Passage Vers la Connaissance Num\u00e9rique","publisher":{"@id":"https:\/\/learnixx.com\/#organization"},"potentialAction":[{"@type":"SearchAction","target":{"@type":"EntryPoint","urlTemplate":"https:\/\/learnixx.com\/?s={search_term_string}"},"query-input":{"@type":"PropertyValueSpecification","valueRequired":true,"valueName":"search_term_string"}}],"inLanguage":"fr-FR"},{"@type":"Organization","@id":"https:\/\/learnixx.com\/#organization","name":"Learnixx","url":"https:\/\/learnixx.com\/","logo":{"@type":"ImageObject","inLanguage":"fr-FR","@id":"https:\/\/learnixx.com\/#\/schema\/logo\/image\/","url":"https:\/\/learnixx.com\/wp-content\/uploads\/2024\/07\/cropped-Favicon.png","contentUrl":"https:\/\/learnixx.com\/wp-content\/uploads\/2024\/07\/cropped-Favicon.png","width":512,"height":512,"caption":"Learnixx"},"image":{"@id":"https:\/\/learnixx.com\/#\/schema\/logo\/image\/"}}]}},"jetpack_sharing_enabled":true,"_links":{"self":[{"href":"https:\/\/learnixx.com\/fr\/wp-json\/wp\/v2\/pages\/15761","targetHints":{"allow":["GET"]}}],"collection":[{"href":"https:\/\/learnixx.com\/fr\/wp-json\/wp\/v2\/pages"}],"about":[{"href":"https:\/\/learnixx.com\/fr\/wp-json\/wp\/v2\/types\/page"}],"author":[{"embeddable":true,"href":"https:\/\/learnixx.com\/fr\/wp-json\/wp\/v2\/users\/1"}],"replies":[{"embeddable":true,"href":"https:\/\/learnixx.com\/fr\/wp-json\/wp\/v2\/comments?post=15761"}],"version-history":[{"count":5,"href":"https:\/\/learnixx.com\/fr\/wp-json\/wp\/v2\/pages\/15761\/revisions"}],"predecessor-version":[{"id":19190,"href":"https:\/\/learnixx.com\/fr\/wp-json\/wp\/v2\/pages\/15761\/revisions\/19190"}],"wp:attachment":[{"href":"https:\/\/learnixx.com\/fr\/wp-json\/wp\/v2\/media?parent=15761"}],"curies":[{"name":"wp","href":"https:\/\/api.w.org\/{rel}","templated":true}]}}