{"id":17,"date":"2023-01-15T22:51:27","date_gmt":"2023-01-15T22:51:27","guid":{"rendered":"https:\/\/learnixx.com\/index.php\/my-account\/"},"modified":"2023-10-10T03:35:57","modified_gmt":"2023-10-10T03:35:57","slug":"dashboard-produits-digitaux","status":"publish","type":"page","link":"https:\/\/learnixx.com\/fr\/dashboard-produits-digitaux\/","title":{"rendered":"Mon compte"},"content":{"rendered":"\t\t<div data-elementor-type=\"wp-page\" data-elementor-id=\"17\" class=\"elementor elementor-17\" data-elementor-post-type=\"page\">\n\t\t\t\t<div class=\"elementor-element elementor-element-2dbd3c0 e-flex e-con-boxed e-con e-parent\" data-id=\"2dbd3c0\" data-element_type=\"container\" data-settings=\"{&quot;background_background&quot;:&quot;classic&quot;}\">\n\t\t\t\t\t<div class=\"e-con-inner\">\n\t\t<div class=\"elementor-element elementor-element-645577d e-flex e-con-boxed e-con e-child\" data-id=\"645577d\" data-element_type=\"container\">\n\t\t\t\t\t<div class=\"e-con-inner\">\n\t\t<div class=\"elementor-element elementor-element-9124f56 e-flex e-con-boxed e-con e-child\" data-id=\"9124f56\" data-element_type=\"container\" data-settings=\"{&quot;background_background&quot;:&quot;classic&quot;}\">\n\t\t\t\t\t<div class=\"e-con-inner\">\n\t\t\t\t<div class=\"elementor-element elementor-element-b4ea987 elementor-view-default elementor-widget elementor-widget-icon\" data-id=\"b4ea987\" data-element_type=\"widget\" data-widget_type=\"icon.default\">\n\t\t\t\t\t\t\t<div class=\"elementor-icon-wrapper\">\n\t\t\t<div class=\"elementor-icon\">\n\t\t\t<svg aria-hidden=\"true\" class=\"e-font-icon-svg e-fas-user-tag\" viewBox=\"0 0 640 512\" xmlns=\"http:\/\/www.w3.org\/2000\/svg\"><path d=\"M630.6 364.9l-90.3-90.2c-12-12-28.3-18.7-45.3-18.7h-79.3c-17.7 0-32 14.3-32 32v79.2c0 17 6.7 33.2 18.7 45.2l90.3 90.2c12.5 12.5 32.8 12.5 45.3 0l92.5-92.5c12.6-12.5 12.6-32.7.1-45.2zm-182.8-21c-13.3 0-24-10.7-24-24s10.7-24 24-24 24 10.7 24 24c0 13.2-10.7 24-24 24zm-223.8-88c70.7 0 128-57.3 128-128C352 57.3 294.7 0 224 0S96 57.3 96 128c0 70.6 57.3 127.9 128 127.9zm127.8 111.2V294c-12.2-3.6-24.9-6.2-38.2-6.2h-16.7c-22.2 10.2-46.9 16-72.9 16s-50.6-5.8-72.9-16h-16.7C60.2 287.9 0 348.1 0 422.3v41.6c0 26.5 21.5 48 48 48h352c15.5 0 29.1-7.5 37.9-18.9l-58-58c-18.1-18.1-28.1-42.2-28.1-67.9z\"><\/path><\/svg>\t\t\t<\/div>\n\t\t<\/div>\n\t\t\t\t\t\t<\/div>\n\t\t\t\t<div class=\"elementor-element elementor-element-c50366a elementor-widget elementor-widget-heading\" data-id=\"c50366a\" data-element_type=\"widget\" data-widget_type=\"heading.default\">\n\t\t\t\t\t<h1 class=\"elementor-heading-title elementor-size-default\">Espace de gestion des produits digitaux<\/h1>\t\t\t\t<\/div>\n\t\t\t\t\t<\/div>\n\t\t\t\t<\/div>\n\t\t<div class=\"elementor-element elementor-element-592510f e-flex e-con-boxed e-con e-child\" data-id=\"592510f\" data-element_type=\"container\">\n\t\t\t\t\t<div class=\"e-con-inner\">\n\t\t<div class=\"elementor-element elementor-element-327fc2e e-con-full e-flex e-con e-child\" data-id=\"327fc2e\" data-element_type=\"container\">\n\t\t\t\t<div class=\"elementor-element elementor-element-1a2ea4b elementor-widget elementor-widget-image\" data-id=\"1a2ea4b\" data-element_type=\"widget\" data-widget_type=\"image.default\">\n\t\t\t\t\t\t\t\t\t\t\t\t\t\t\t<img decoding=\"async\" src=\"https:\/\/secure.gravatar.com\/avatar\/?s=96&#038;d=mm&#038;r=g\" title=\"\" alt=\"\" loading=\"lazy\" \/>\t\t\t\t\t\t\t\t\t\t\t\t\t\t\t<\/div>\n\t\t\t\t<\/div>\n\t\t<div class=\"elementor-element elementor-element-82ce040 e-con-full e-flex e-con e-child\" data-id=\"82ce040\" data-element_type=\"container\">\n\t\t\t\t<div class=\"elementor-element elementor-element-98694a0 elementor-widget elementor-widget-heading\" data-id=\"98694a0\" data-element_type=\"widget\" data-widget_type=\"heading.default\">\n\t\t\t\t\t<h6 class=\"elementor-heading-title elementor-size-default\">Hello \ud83d\udc4b,<\/h6>\t\t\t\t<\/div>\n\t\t\t\t<\/div>\n\t\t\t\t\t<\/div>\n\t\t\t\t<\/div>\n\t\t\t\t\t<\/div>\n\t\t\t\t<\/div>\n\t\t\t\t\t<\/div>\n\t\t\t\t<\/div>\n\t\t<div class=\"elementor-element elementor-element-c052de7 e-flex e-con-boxed e-con e-parent\" data-id=\"c052de7\" data-element_type=\"container\">\n\t\t\t\t\t<div class=\"e-con-inner\">\n\t\t<div class=\"elementor-element elementor-element-362fa08 e-flex e-con-boxed e-con e-child\" data-id=\"362fa08\" data-element_type=\"container\" data-settings=\"{&quot;background_background&quot;:&quot;classic&quot;}\">\n\t\t\t\t\t<div class=\"e-con-inner\">\n\t\t\t\t<div class=\"elementor-element elementor-element-93e6037 e-my-account-tabs-horizontal elementor-widget elementor-widget-woocommerce-my-account\" data-id=\"93e6037\" data-element_type=\"widget\" data-widget_type=\"woocommerce-my-account.default\">\n\t\t\t\t\t<div class=\"e-my-account-tab e-my-account-tab__ \">\t\t\t<div class=\"woocommerce\"><\/div>\t\t<\/div>\n\t\t\t\t\t\t<\/div>\n\t\t\t\t\t<\/div>\n\t\t\t\t<\/div>\n\t\t\t\t\t<\/div>\n\t\t\t\t<\/div>\n\t\t<div class=\"elementor-element elementor-element-e0ee53d e-flex e-con-boxed e-con e-parent\" data-id=\"e0ee53d\" data-element_type=\"container\" data-settings=\"{&quot;background_background&quot;:&quot;classic&quot;}\">\n\t\t\t\t\t<div class=\"e-con-inner\">\n\t\t<div class=\"elementor-element elementor-element-6bbcff0 e-con-full e-flex e-con e-child\" data-id=\"6bbcff0\" data-element_type=\"container\">\n\t\t\t\t<div class=\"elementor-element elementor-element-1eaa272 elementor-widget elementor-widget-shortcode\" data-id=\"1eaa272\" data-element_type=\"widget\" data-widget_type=\"shortcode.default\">\n\t\t\t\t\t\t\t<div class=\"elementor-shortcode\">\n<div class=\"tutor-wrap tutor-page-wrap post-17 page type-page status-publish hentry\">\n\t<div class=\"tutor-template-segment tutor-login-wrap\">\n        <div class=\"tutor-login-form-wrapper\">\n\t\t\t<div class=\"tutor-fs-5 tutor-color-black tutor-mb-32\">\n\t\t\t\tSalut, bon retour\u00a0!\t\t\t<\/div>\n\t\t\t<form id=\"tutor-login-form\" method=\"post\">\n\t\t<input type=\"hidden\" id=\"_tutor_nonce\" name=\"_tutor_nonce\" value=\"aaa95471cc\" \/><input type=\"hidden\" name=\"_wp_http_referer\" value=\"\/fr\/wp-json\/wp\/v2\/pages\/17\" \/>\t<input type=\"hidden\" name=\"tutor_action\" value=\"tutor_user_login\" \/>\n\t<input type=\"hidden\" name=\"redirect_to\" value=\"https:\/\/learnixx.com\/fr\/tableau-de-bord\/\" \/>\n\n\t<div class=\"tutor-mb-20\">\n\t\t<input type=\"text\" class=\"tutor-form-control\" placeholder=\"Identifiant ou adresse de messagerie\" name=\"log\" value=\"\" size=\"20\" required\/>\n\t<\/div>\n\n\t<div class=\"tutor-mb-32\">\n\t\t<input type=\"password\" class=\"tutor-form-control\" placeholder=\"Mot de passe\" name=\"pwd\" value=\"\" size=\"20\" required\/>\n\t<\/div>\n\n\t<div class=\"tutor-login-error\"><\/div>\n\t\t\t<input type=\"hidden\" name=\"timezone\" value=\"Africa\/Porto-Novo\" \/>\n\t\t<script>\n\t\t\tdocument.addEventListener('DOMContentLoaded', function() {\n\t\t\t\tconst timezone = document.querySelector('input[name=\"timezone\"]');\n\t\t\t\tif ( timezone) {\n\t\t\t\t\tconst tz = Intl.DateTimeFormat().resolvedOptions().timeZone;\n\t\t\t\t\ttimezone.value = tz\n\t\t\t\t}\n\t\t\t});\n\t\t<\/script>\n\t\t\t<div class=\"tutor-d-flex tutor-justify-between tutor-align-center tutor-mb-40\">\n\t\t<div class=\"tutor-form-check\">\n\t\t\t<input id=\"tutor-login-agmnt-1\" type=\"checkbox\" class=\"tutor-form-check-input tutor-bg-black-40\" name=\"rememberme\" value=\"forever\" \/>\n\t\t\t<label for=\"tutor-login-agmnt-1\" class=\"tutor-fs-7 tutor-color-muted\">\n\t\t\t\tMe garder connect\u00e9\t\t\t<\/label>\n\t\t<\/div>\n\t\t<a href=\"https:\/\/learnixx.com\/fr\/tableau-de-bord\/retrieve-password\" class=\"tutor-btn tutor-btn-ghost\">\n\t\t\tOubli\u00e9\u00a0?\t\t<\/a>\n\t<\/div>\n\n\t\t<button type=\"submit\" class=\"tutor-btn tutor-btn-primary tutor-btn-block\">\n\t\tSe connecter\t<\/button>\n\t\n\t\t\t\t\t<div class=\"tutor-text-center tutor-fs-6 tutor-color-secondary tutor-mt-20\">\n\t\t\tVous n\u2019avez pas de compte\u00a0?&nbsp;\n\t\t\t<a href=\"https:\/\/learnixx.com\/fr\/student-registration\/?redirect_to=https:\/\/learnixx.com\/fr\/wp-json\/wp\/v2\/pages\/17\" class=\"tutor-btn tutor-btn-link\">\n\t\t\t\tS\u2019inscrire maintenant\t\t\t<\/a>\n\t\t<\/div>\n\t\t<\/form>\n<script>\n\tdocument.addEventListener('DOMContentLoaded', function() {\n\t\tvar { __ } = wp.i18n;\n\t\tvar loginModal = document.querySelector('.tutor-modal.tutor-login-modal');\n\t\tvar errors = [];\n\t\tif (loginModal && errors.length) {\n\t\t\tloginModal.classList.add('tutor-is-active');\n\t\t}\n\t});\n<\/script>\n\t\t\t\t\t<\/div>\n\t\t\t\t<style>\n\t\t\t#tutor-pro-twitter-login {\n\t\t\t\twidth: 400px; background-color: #00acee; border-color: #00acee; font-weight: bold;\n\t\t\t}\n\t\t<\/style>\n\t\t<div id=\"tutor-pro-social-authentication\" class=\"tutor-pt-24 tutor-d-flex tutor-flex-column tutor-align-center tutor-border-top-light\" style=\"gap: 10px;\">\n\t\t\t\t\t\t\t\t<div class=\"tutor-d-flex tutor-justify-center\" id=\"tutor-pro-google-authentication\">\n\t\t\t\t\t\t\n\t\t\t\t\t\t\t\t\t\t\t<\/div>\n\t\t\t\t\t\t\t<\/div>\n\t\t\t<\/div>\n<\/div>\n\n<\/div>\n\t\t\t\t\t\t<\/div>\n\t\t\t\t<\/div>\n\t\t\t\t\t<\/div>\n\t\t\t\t<\/div>\n\t\t\t\t<\/div>\n\t\t","protected":false},"excerpt":{"rendered":"<p>Espace de gestion des produits digitaux Hello \ud83d\udc4b, Tableau de bord Commandes T\u00e9l\u00e9chargements Adresses D\u00e9tails du compte D\u00e9connexion Affiliate Tableau de bord Commandes T\u00e9l\u00e9chargements Adresses D\u00e9tails du compte D\u00e9connexion Affiliate Tableau de bord Commandes T\u00e9l\u00e9chargements Adresses D\u00e9tails du compte D\u00e9connexion Affiliate Tableau de bord Commandes T\u00e9l\u00e9chargements Adresses D\u00e9tails du compte D\u00e9connexion Affiliate Bonjour Learnixx (vous [&hellip;]<\/p>\n","protected":false},"author":1,"featured_media":0,"parent":0,"menu_order":0,"comment_status":"closed","ping_status":"closed","template":"","meta":{"order-bump-settings":[],"_wpfnl_thankyou_order_overview":"on","_wpfnl_thankyou_order_details":"on","_wpfnl_thankyou_billing_details":"on","_wpfnl_thankyou_shipping_details":"on","footnotes":""},"class_list":["post-17","page","type-page","status-publish","hentry"],"yoast_head":"<!-- This site is optimized with the Yoast SEO plugin v24.2 - https:\/\/yoast.com\/wordpress\/plugins\/seo\/ -->\n<title>Mon compte - Learnixx<\/title>\n<meta name=\"robots\" content=\"index, follow, max-snippet:-1, max-image-preview:large, max-video-preview:-1\" \/>\n<link rel=\"canonical\" href=\"https:\/\/learnixx.com\/fr\/dashboard-produits-digitaux\/\" \/>\n<meta property=\"og:locale\" content=\"fr_FR\" \/>\n<meta property=\"og:type\" content=\"article\" \/>\n<meta property=\"og:title\" content=\"Mon compte - Learnixx\" \/>\n<meta property=\"og:description\" content=\"Espace de gestion des produits digitaux Hello \ud83d\udc4b, Tableau de bord Commandes T\u00e9l\u00e9chargements Adresses D\u00e9tails du compte D\u00e9connexion Affiliate Tableau de bord Commandes T\u00e9l\u00e9chargements Adresses D\u00e9tails du compte D\u00e9connexion Affiliate Tableau de bord Commandes T\u00e9l\u00e9chargements Adresses D\u00e9tails du compte D\u00e9connexion Affiliate Tableau de bord Commandes T\u00e9l\u00e9chargements Adresses D\u00e9tails du compte D\u00e9connexion Affiliate Bonjour Learnixx (vous [&hellip;]\" \/>\n<meta property=\"og:url\" content=\"https:\/\/learnixx.com\/fr\/dashboard-produits-digitaux\/\" \/>\n<meta property=\"og:site_name\" content=\"Learnixx\" \/>\n<meta property=\"article:modified_time\" content=\"2023-10-10T03:35:57+00:00\" \/>\n<meta name=\"twitter:card\" content=\"summary_large_image\" \/>\n<meta name=\"twitter:label1\" content=\"Dur\u00e9e de lecture estim\u00e9e\" \/>\n\t<meta name=\"twitter:data1\" content=\"2 minutes\" \/>\n<script type=\"application\/ld+json\" class=\"yoast-schema-graph\">{\"@context\":\"https:\/\/schema.org\",\"@graph\":[{\"@type\":\"WebPage\",\"@id\":\"https:\/\/learnixx.com\/dashboard-produits-digitaux\/\",\"url\":\"https:\/\/learnixx.com\/dashboard-produits-digitaux\/\",\"name\":\"Mon compte - Learnixx\",\"isPartOf\":{\"@id\":\"https:\/\/learnixx.com\/#website\"},\"datePublished\":\"2023-01-15T22:51:27+00:00\",\"dateModified\":\"2023-10-10T03:35:57+00:00\",\"breadcrumb\":{\"@id\":\"https:\/\/learnixx.com\/dashboard-produits-digitaux\/#breadcrumb\"},\"inLanguage\":\"fr-FR\",\"potentialAction\":[{\"@type\":\"ReadAction\",\"target\":[\"https:\/\/learnixx.com\/dashboard-produits-digitaux\/\"]}]},{\"@type\":\"BreadcrumbList\",\"@id\":\"https:\/\/learnixx.com\/dashboard-produits-digitaux\/#breadcrumb\",\"itemListElement\":[{\"@type\":\"ListItem\",\"position\":1,\"name\":\"Home\",\"item\":\"https:\/\/learnixx.com\/\"},{\"@type\":\"ListItem\",\"position\":2,\"name\":\"Mon compte\"}]},{\"@type\":\"WebSite\",\"@id\":\"https:\/\/learnixx.com\/#website\",\"url\":\"https:\/\/learnixx.com\/\",\"name\":\"Learnixx\",\"description\":\"Votre Passage Vers la Connaissance Num\u00e9rique\",\"publisher\":{\"@id\":\"https:\/\/learnixx.com\/#organization\"},\"potentialAction\":[{\"@type\":\"SearchAction\",\"target\":{\"@type\":\"EntryPoint\",\"urlTemplate\":\"https:\/\/learnixx.com\/?s={search_term_string}\"},\"query-input\":{\"@type\":\"PropertyValueSpecification\",\"valueRequired\":true,\"valueName\":\"search_term_string\"}}],\"inLanguage\":\"fr-FR\"},{\"@type\":\"Organization\",\"@id\":\"https:\/\/learnixx.com\/#organization\",\"name\":\"Learnixx\",\"url\":\"https:\/\/learnixx.com\/\",\"logo\":{\"@type\":\"ImageObject\",\"inLanguage\":\"fr-FR\",\"@id\":\"https:\/\/learnixx.com\/#\/schema\/logo\/image\/\",\"url\":\"https:\/\/learnixx.com\/wp-content\/uploads\/2024\/07\/cropped-Favicon.png\",\"contentUrl\":\"https:\/\/learnixx.com\/wp-content\/uploads\/2024\/07\/cropped-Favicon.png\",\"width\":512,\"height\":512,\"caption\":\"Learnixx\"},\"image\":{\"@id\":\"https:\/\/learnixx.com\/#\/schema\/logo\/image\/\"}}]}<\/script>\n<!-- \/ Yoast SEO plugin. -->","yoast_head_json":{"title":"Mon compte - Learnixx","robots":{"index":"index","follow":"follow","max-snippet":"max-snippet:-1","max-image-preview":"max-image-preview:large","max-video-preview":"max-video-preview:-1"},"canonical":"https:\/\/learnixx.com\/fr\/dashboard-produits-digitaux\/","og_locale":"fr_FR","og_type":"article","og_title":"Mon compte - Learnixx","og_description":"Espace de gestion des produits digitaux Hello \ud83d\udc4b, Tableau de bord Commandes T\u00e9l\u00e9chargements Adresses D\u00e9tails du compte D\u00e9connexion Affiliate Tableau de bord Commandes T\u00e9l\u00e9chargements Adresses D\u00e9tails du compte D\u00e9connexion Affiliate Tableau de bord Commandes T\u00e9l\u00e9chargements Adresses D\u00e9tails du compte D\u00e9connexion Affiliate Tableau de bord Commandes T\u00e9l\u00e9chargements Adresses D\u00e9tails du compte D\u00e9connexion Affiliate Bonjour Learnixx (vous [&hellip;]","og_url":"https:\/\/learnixx.com\/fr\/dashboard-produits-digitaux\/","og_site_name":"Learnixx","article_modified_time":"2023-10-10T03:35:57+00:00","twitter_card":"summary_large_image","twitter_misc":{"Dur\u00e9e de lecture estim\u00e9e":"2 minutes"},"schema":{"@context":"https:\/\/schema.org","@graph":[{"@type":"WebPage","@id":"https:\/\/learnixx.com\/dashboard-produits-digitaux\/","url":"https:\/\/learnixx.com\/dashboard-produits-digitaux\/","name":"Mon compte - Learnixx","isPartOf":{"@id":"https:\/\/learnixx.com\/#website"},"datePublished":"2023-01-15T22:51:27+00:00","dateModified":"2023-10-10T03:35:57+00:00","breadcrumb":{"@id":"https:\/\/learnixx.com\/dashboard-produits-digitaux\/#breadcrumb"},"inLanguage":"fr-FR","potentialAction":[{"@type":"ReadAction","target":["https:\/\/learnixx.com\/dashboard-produits-digitaux\/"]}]},{"@type":"BreadcrumbList","@id":"https:\/\/learnixx.com\/dashboard-produits-digitaux\/#breadcrumb","itemListElement":[{"@type":"ListItem","position":1,"name":"Home","item":"https:\/\/learnixx.com\/"},{"@type":"ListItem","position":2,"name":"Mon compte"}]},{"@type":"WebSite","@id":"https:\/\/learnixx.com\/#website","url":"https:\/\/learnixx.com\/","name":"Learnixx","description":"Votre Passage Vers la Connaissance Num\u00e9rique","publisher":{"@id":"https:\/\/learnixx.com\/#organization"},"potentialAction":[{"@type":"SearchAction","target":{"@type":"EntryPoint","urlTemplate":"https:\/\/learnixx.com\/?s={search_term_string}"},"query-input":{"@type":"PropertyValueSpecification","valueRequired":true,"valueName":"search_term_string"}}],"inLanguage":"fr-FR"},{"@type":"Organization","@id":"https:\/\/learnixx.com\/#organization","name":"Learnixx","url":"https:\/\/learnixx.com\/","logo":{"@type":"ImageObject","inLanguage":"fr-FR","@id":"https:\/\/learnixx.com\/#\/schema\/logo\/image\/","url":"https:\/\/learnixx.com\/wp-content\/uploads\/2024\/07\/cropped-Favicon.png","contentUrl":"https:\/\/learnixx.com\/wp-content\/uploads\/2024\/07\/cropped-Favicon.png","width":512,"height":512,"caption":"Learnixx"},"image":{"@id":"https:\/\/learnixx.com\/#\/schema\/logo\/image\/"}}]}},"jetpack_sharing_enabled":true,"_links":{"self":[{"href":"https:\/\/learnixx.com\/fr\/wp-json\/wp\/v2\/pages\/17","targetHints":{"allow":["GET"]}}],"collection":[{"href":"https:\/\/learnixx.com\/fr\/wp-json\/wp\/v2\/pages"}],"about":[{"href":"https:\/\/learnixx.com\/fr\/wp-json\/wp\/v2\/types\/page"}],"author":[{"embeddable":true,"href":"https:\/\/learnixx.com\/fr\/wp-json\/wp\/v2\/users\/1"}],"replies":[{"embeddable":true,"href":"https:\/\/learnixx.com\/fr\/wp-json\/wp\/v2\/comments?post=17"}],"version-history":[{"count":109,"href":"https:\/\/learnixx.com\/fr\/wp-json\/wp\/v2\/pages\/17\/revisions"}],"predecessor-version":[{"id":10999,"href":"https:\/\/learnixx.com\/fr\/wp-json\/wp\/v2\/pages\/17\/revisions\/10999"}],"wp:attachment":[{"href":"https:\/\/learnixx.com\/fr\/wp-json\/wp\/v2\/media?parent=17"}],"curies":[{"name":"wp","href":"https:\/\/api.w.org\/{rel}","templated":true}]}}