{"id":10643,"date":"2023-10-11T01:43:17","date_gmt":"2023-10-11T01:43:17","guid":{"rendered":"https:\/\/learnixx.com\/?post_type=product&#038;p=10643"},"modified":"2023-10-16T23:34:16","modified_gmt":"2023-10-16T23:34:16","slug":"revenus-automatiques-la-methode-pour-faire-6000-euros-par-mois-en-automatique","status":"publish","type":"product","link":"https:\/\/learnixx.com\/fr\/produit\/revenus-automatiques-la-methode-pour-faire-6000-euros-par-mois-en-automatique\/","title":{"rendered":"Revenus automatiques : la m\u00e9thode pour faire 6000 euros par mois en automatique"},"content":{"rendered":"<p>Bienvenue dans la formation \u00ab\u00a0Revenus automatiques : la m\u00e9thode pour faire 6000 euros par mois en automatique\u00a0\u00bb !<\/p>\n<p>\ud83d\ude80 Imaginez-vous capable de g\u00e9n\u00e9rer 6000 euros par mois de mani\u00e8re automatique. Cette formation exceptionnelle, avec un acc\u00e8s instantan\u00e9 \u00e0 3 vid\u00e9os, vous d\u00e9voile les strat\u00e9gies pour cr\u00e9er un syst\u00e8me de revenus automatiques en ligne.<\/p>\n<p>\ud83d\udcdc D\u00e9couvrez le contenu complet de cette formation :<\/p>\n<p><strong>\ud83c\udfa5 Module 1 : Introduction<\/strong><br \/>\nPlongez dans cette formation passionnante o\u00f9 vous apprendrez comment mettre en place un syst\u00e8me de revenus automatiques.<\/p>\n<p><strong>\ud83c\udfa5 Module 2 : Cr\u00e9ez votre tunnel de ventes<\/strong><br \/>\nD\u00e9couvrez comment construire un tunnel de ventes efficace pour attirer et convertir vos prospects en clients.<\/p>\n<p><strong>\ud83c\udfa5 Module 3 : Optimisez votre tunnel de ventes<\/strong><br \/>\nExplorez des techniques pour optimiser votre tunnel de ventes, augmentant ainsi vos revenus automatiques.<\/p>\n<p><strong>\ud83c\udf81 Bonus 1 : Comment faire le tracking de vos ventes<\/strong><br \/>\nApprenez comment suivre et analyser vos ventes, ce qui vous permettra d&rsquo;optimiser votre syst\u00e8me.<\/p>\n<p><strong>\ud83c\udf81 Bonus 2 : Comment mettre en place un flow de ventes additionnelles<\/strong><br \/>\nD\u00e9couvrez comment augmenter vos revenus en ajoutant des ventes additionnelles \u00e0 votre syst\u00e8me automatis\u00e9.<\/p>\n<p><strong>\ud83c\udf81 Bonus 3 : Comment faire un script pour vos vid\u00e9os de ventes additionnelles<\/strong><br \/>\nRecevez un mod\u00e8le de script pour cr\u00e9er des vid\u00e9os de ventes additionnelles persuasives et efficaces.<\/p>\n<p>\ud83d\udce2 En prime, b\u00e9n\u00e9ficiez d&rsquo;une licence de droit de revente !<br \/>\nNon seulement vous apprendrez \u00e0 g\u00e9n\u00e9rer des revenus automatiques, mais vous aurez \u00e9galement la possibilit\u00e9 de revendre cette formation l\u00e9galement pour des profits suppl\u00e9mentaires. La demande pour des syst\u00e8mes de revenus automatiques est en constante croissance, offrant une opportunit\u00e9 pr\u00e9cieuse en tant qu&rsquo;infopreneur l\u00e9gal.<\/p>\n<p>\ud83d\udcc8 Pr\u00e9parez-vous \u00e0 faire 6000 euros par mois en automatique.<\/p>\n<p>Rejoignez notre formation d\u00e8s maintenant et saisissez l&rsquo;opportunit\u00e9 de cr\u00e9er un flux de revenus stable et automatis\u00e9 ! \ud83d\udcc8<\/p>\n","protected":false},"excerpt":{"rendered":"<p>Bienvenue dans la formation \u00ab\u00a0Revenus automatiques : la m\u00e9thode pour faire 6000 euros par mois en automatique\u00a0\u00bb ! \ud83d\ude80 Imaginez-vous capable de g\u00e9n\u00e9rer 6000 euros par mois de mani\u00e8re automatique. Cette formation exceptionnelle, avec un acc\u00e8s instantan\u00e9 \u00e0 3 vid\u00e9os, vous d\u00e9voile les strat\u00e9gies pour cr\u00e9er un syst\u00e8me de revenus automatiques en ligne. \ud83d\udcdc D\u00e9couvrez [&hellip;]<\/p>\n","protected":false},"featured_media":12178,"comment_status":"open","ping_status":"closed","template":"","meta":{"order-bump-settings":[],"_wpfnl_thankyou_order_overview":"on","_wpfnl_thankyou_order_details":"on","_wpfnl_thankyou_billing_details":"on","_wpfnl_thankyou_shipping_details":"on"},"product_cat":[17],"product_tag":[],"class_list":{"0":"post-10643","1":"product","2":"type-product","3":"status-publish","4":"has-post-thumbnail","6":"product_cat-uncategorized","8":"first","9":"instock","10":"sale","11":"downloadable","12":"virtual","13":"purchasable","14":"product-type-simple"},"yoast_head":"<!-- This site is optimized with the Yoast SEO plugin v24.2 - https:\/\/yoast.com\/wordpress\/plugins\/seo\/ -->\n<title>Revenus automatiques : la m\u00e9thode pour faire 6000 euros par mois en automatique - Learnixx<\/title>\n<meta name=\"description\" content=\"Plongez dans l&#039;univers des revenus automatis\u00e9s avec notre formation exclusive offerte avec une licence de droit de revente.\" \/>\n<meta name=\"robots\" content=\"index, follow, max-snippet:-1, max-image-preview:large, max-video-preview:-1\" \/>\n<link rel=\"canonical\" href=\"https:\/\/learnixx.com\/fr\/produit\/revenus-automatiques-la-methode-pour-faire-6000-euros-par-mois-en-automatique\/\" \/>\n<meta property=\"og:locale\" content=\"fr_FR\" \/>\n<meta property=\"og:type\" content=\"article\" \/>\n<meta property=\"og:title\" content=\"Revenus automatiques : la m\u00e9thode pour faire 6000 euros par mois en automatique - Learnixx\" \/>\n<meta property=\"og:description\" content=\"Plongez dans l&#039;univers des revenus automatis\u00e9s avec notre formation exclusive offerte avec une licence de droit de revente.\" \/>\n<meta property=\"og:url\" content=\"https:\/\/learnixx.com\/fr\/produit\/revenus-automatiques-la-methode-pour-faire-6000-euros-par-mois-en-automatique\/\" \/>\n<meta property=\"og:site_name\" content=\"Learnixx\" \/>\n<meta property=\"article:modified_time\" content=\"2023-10-16T23:34:16+00:00\" \/>\n<meta property=\"og:image\" content=\"https:\/\/learnixx.com\/wp-content\/uploads\/2023\/10\/Le-Systeme-des-6000-E-par-mois-scaled.jpg\" \/>\n\t<meta property=\"og:image:width\" content=\"2560\" \/>\n\t<meta property=\"og:image:height\" content=\"1707\" \/>\n\t<meta property=\"og:image:type\" content=\"image\/jpeg\" \/>\n<meta name=\"twitter:card\" content=\"summary_large_image\" \/>\n<meta name=\"twitter:label1\" content=\"Dur\u00e9e de lecture estim\u00e9e\" \/>\n\t<meta name=\"twitter:data1\" content=\"2 minutes\" \/>\n<script type=\"application\/ld+json\" class=\"yoast-schema-graph\">{\"@context\":\"https:\/\/schema.org\",\"@graph\":[{\"@type\":\"WebPage\",\"@id\":\"https:\/\/learnixx.com\/produit\/revenus-automatiques-la-methode-pour-faire-6000-euros-par-mois-en-automatique\",\"url\":\"https:\/\/learnixx.com\/produit\/revenus-automatiques-la-methode-pour-faire-6000-euros-par-mois-en-automatique\",\"name\":\"Revenus automatiques : la m\u00e9thode pour faire 6000 euros par mois en automatique - Learnixx\",\"isPartOf\":{\"@id\":\"https:\/\/learnixx.com\/#website\"},\"primaryImageOfPage\":{\"@id\":\"https:\/\/learnixx.com\/produit\/revenus-automatiques-la-methode-pour-faire-6000-euros-par-mois-en-automatique#primaryimage\"},\"image\":{\"@id\":\"https:\/\/learnixx.com\/produit\/revenus-automatiques-la-methode-pour-faire-6000-euros-par-mois-en-automatique#primaryimage\"},\"thumbnailUrl\":\"https:\/\/learnixx.com\/wp-content\/uploads\/2023\/10\/Le-Systeme-des-6000-E-par-mois-scaled.jpg\",\"datePublished\":\"2023-10-11T01:43:17+00:00\",\"dateModified\":\"2023-10-16T23:34:16+00:00\",\"description\":\"Plongez dans l'univers des revenus automatis\u00e9s avec notre formation exclusive offerte avec une licence de droit de revente.\",\"breadcrumb\":{\"@id\":\"https:\/\/learnixx.com\/produit\/revenus-automatiques-la-methode-pour-faire-6000-euros-par-mois-en-automatique#breadcrumb\"},\"inLanguage\":\"fr-FR\",\"potentialAction\":[{\"@type\":\"ReadAction\",\"target\":[\"https:\/\/learnixx.com\/produit\/revenus-automatiques-la-methode-pour-faire-6000-euros-par-mois-en-automatique\"]}]},{\"@type\":\"ImageObject\",\"inLanguage\":\"fr-FR\",\"@id\":\"https:\/\/learnixx.com\/produit\/revenus-automatiques-la-methode-pour-faire-6000-euros-par-mois-en-automatique#primaryimage\",\"url\":\"https:\/\/learnixx.com\/wp-content\/uploads\/2023\/10\/Le-Systeme-des-6000-E-par-mois-scaled.jpg\",\"contentUrl\":\"https:\/\/learnixx.com\/wp-content\/uploads\/2023\/10\/Le-Systeme-des-6000-E-par-mois-scaled.jpg\",\"width\":2560,\"height\":1707},{\"@type\":\"BreadcrumbList\",\"@id\":\"https:\/\/learnixx.com\/produit\/revenus-automatiques-la-methode-pour-faire-6000-euros-par-mois-en-automatique#breadcrumb\",\"itemListElement\":[{\"@type\":\"ListItem\",\"position\":1,\"name\":\"Home\",\"item\":\"https:\/\/learnixx.com\/\"},{\"@type\":\"ListItem\",\"position\":2,\"name\":\"Boutique de produits digitaux\",\"item\":\"https:\/\/learnixx.com\/boutique-de-produits-digitaux\/\"},{\"@type\":\"ListItem\",\"position\":3,\"name\":\"Revenus automatiques : la m\u00e9thode pour faire 6000 euros par mois en automatique\"}]},{\"@type\":\"WebSite\",\"@id\":\"https:\/\/learnixx.com\/#website\",\"url\":\"https:\/\/learnixx.com\/\",\"name\":\"Learnixx\",\"description\":\"Votre Passage Vers la Connaissance Num\u00e9rique\",\"publisher\":{\"@id\":\"https:\/\/learnixx.com\/#organization\"},\"potentialAction\":[{\"@type\":\"SearchAction\",\"target\":{\"@type\":\"EntryPoint\",\"urlTemplate\":\"https:\/\/learnixx.com\/?s={search_term_string}\"},\"query-input\":{\"@type\":\"PropertyValueSpecification\",\"valueRequired\":true,\"valueName\":\"search_term_string\"}}],\"inLanguage\":\"fr-FR\"},{\"@type\":\"Organization\",\"@id\":\"https:\/\/learnixx.com\/#organization\",\"name\":\"Learnixx\",\"url\":\"https:\/\/learnixx.com\/\",\"logo\":{\"@type\":\"ImageObject\",\"inLanguage\":\"fr-FR\",\"@id\":\"https:\/\/learnixx.com\/#\/schema\/logo\/image\/\",\"url\":\"https:\/\/learnixx.com\/wp-content\/uploads\/2024\/07\/cropped-Favicon.png\",\"contentUrl\":\"https:\/\/learnixx.com\/wp-content\/uploads\/2024\/07\/cropped-Favicon.png\",\"width\":512,\"height\":512,\"caption\":\"Learnixx\"},\"image\":{\"@id\":\"https:\/\/learnixx.com\/#\/schema\/logo\/image\/\"}}]}<\/script>\n<!-- \/ Yoast SEO plugin. -->","yoast_head_json":{"title":"Revenus automatiques : la m\u00e9thode pour faire 6000 euros par mois en automatique - Learnixx","description":"Plongez dans l'univers des revenus automatis\u00e9s avec notre formation exclusive offerte avec une licence de droit de revente.","robots":{"index":"index","follow":"follow","max-snippet":"max-snippet:-1","max-image-preview":"max-image-preview:large","max-video-preview":"max-video-preview:-1"},"canonical":"https:\/\/learnixx.com\/fr\/produit\/revenus-automatiques-la-methode-pour-faire-6000-euros-par-mois-en-automatique\/","og_locale":"fr_FR","og_type":"article","og_title":"Revenus automatiques : la m\u00e9thode pour faire 6000 euros par mois en automatique - Learnixx","og_description":"Plongez dans l'univers des revenus automatis\u00e9s avec notre formation exclusive offerte avec une licence de droit de revente.","og_url":"https:\/\/learnixx.com\/fr\/produit\/revenus-automatiques-la-methode-pour-faire-6000-euros-par-mois-en-automatique\/","og_site_name":"Learnixx","article_modified_time":"2023-10-16T23:34:16+00:00","og_image":[{"width":2560,"height":1707,"url":"https:\/\/learnixx.com\/wp-content\/uploads\/2023\/10\/Le-Systeme-des-6000-E-par-mois-scaled.jpg","type":"image\/jpeg"}],"twitter_card":"summary_large_image","twitter_misc":{"Dur\u00e9e de lecture estim\u00e9e":"2 minutes"},"schema":{"@context":"https:\/\/schema.org","@graph":[{"@type":"WebPage","@id":"https:\/\/learnixx.com\/produit\/revenus-automatiques-la-methode-pour-faire-6000-euros-par-mois-en-automatique","url":"https:\/\/learnixx.com\/produit\/revenus-automatiques-la-methode-pour-faire-6000-euros-par-mois-en-automatique","name":"Revenus automatiques : la m\u00e9thode pour faire 6000 euros par mois en automatique - Learnixx","isPartOf":{"@id":"https:\/\/learnixx.com\/#website"},"primaryImageOfPage":{"@id":"https:\/\/learnixx.com\/produit\/revenus-automatiques-la-methode-pour-faire-6000-euros-par-mois-en-automatique#primaryimage"},"image":{"@id":"https:\/\/learnixx.com\/produit\/revenus-automatiques-la-methode-pour-faire-6000-euros-par-mois-en-automatique#primaryimage"},"thumbnailUrl":"https:\/\/learnixx.com\/wp-content\/uploads\/2023\/10\/Le-Systeme-des-6000-E-par-mois-scaled.jpg","datePublished":"2023-10-11T01:43:17+00:00","dateModified":"2023-10-16T23:34:16+00:00","description":"Plongez dans l'univers des revenus automatis\u00e9s avec notre formation exclusive offerte avec une licence de droit de revente.","breadcrumb":{"@id":"https:\/\/learnixx.com\/produit\/revenus-automatiques-la-methode-pour-faire-6000-euros-par-mois-en-automatique#breadcrumb"},"inLanguage":"fr-FR","potentialAction":[{"@type":"ReadAction","target":["https:\/\/learnixx.com\/produit\/revenus-automatiques-la-methode-pour-faire-6000-euros-par-mois-en-automatique"]}]},{"@type":"ImageObject","inLanguage":"fr-FR","@id":"https:\/\/learnixx.com\/produit\/revenus-automatiques-la-methode-pour-faire-6000-euros-par-mois-en-automatique#primaryimage","url":"https:\/\/learnixx.com\/wp-content\/uploads\/2023\/10\/Le-Systeme-des-6000-E-par-mois-scaled.jpg","contentUrl":"https:\/\/learnixx.com\/wp-content\/uploads\/2023\/10\/Le-Systeme-des-6000-E-par-mois-scaled.jpg","width":2560,"height":1707},{"@type":"BreadcrumbList","@id":"https:\/\/learnixx.com\/produit\/revenus-automatiques-la-methode-pour-faire-6000-euros-par-mois-en-automatique#breadcrumb","itemListElement":[{"@type":"ListItem","position":1,"name":"Home","item":"https:\/\/learnixx.com\/"},{"@type":"ListItem","position":2,"name":"Boutique de produits digitaux","item":"https:\/\/learnixx.com\/boutique-de-produits-digitaux\/"},{"@type":"ListItem","position":3,"name":"Revenus automatiques : la m\u00e9thode pour faire 6000 euros par mois en automatique"}]},{"@type":"WebSite","@id":"https:\/\/learnixx.com\/#website","url":"https:\/\/learnixx.com\/","name":"Learnixx","description":"Votre Passage Vers la Connaissance Num\u00e9rique","publisher":{"@id":"https:\/\/learnixx.com\/#organization"},"potentialAction":[{"@type":"SearchAction","target":{"@type":"EntryPoint","urlTemplate":"https:\/\/learnixx.com\/?s={search_term_string}"},"query-input":{"@type":"PropertyValueSpecification","valueRequired":true,"valueName":"search_term_string"}}],"inLanguage":"fr-FR"},{"@type":"Organization","@id":"https:\/\/learnixx.com\/#organization","name":"Learnixx","url":"https:\/\/learnixx.com\/","logo":{"@type":"ImageObject","inLanguage":"fr-FR","@id":"https:\/\/learnixx.com\/#\/schema\/logo\/image\/","url":"https:\/\/learnixx.com\/wp-content\/uploads\/2024\/07\/cropped-Favicon.png","contentUrl":"https:\/\/learnixx.com\/wp-content\/uploads\/2024\/07\/cropped-Favicon.png","width":512,"height":512,"caption":"Learnixx"},"image":{"@id":"https:\/\/learnixx.com\/#\/schema\/logo\/image\/"}}]}},"jetpack_sharing_enabled":true,"_links":{"self":[{"href":"https:\/\/learnixx.com\/fr\/wp-json\/wp\/v2\/product\/10643","targetHints":{"allow":["GET"]}}],"collection":[{"href":"https:\/\/learnixx.com\/fr\/wp-json\/wp\/v2\/product"}],"about":[{"href":"https:\/\/learnixx.com\/fr\/wp-json\/wp\/v2\/types\/product"}],"replies":[{"embeddable":true,"href":"https:\/\/learnixx.com\/fr\/wp-json\/wp\/v2\/comments?post=10643"}],"version-history":[{"count":3,"href":"https:\/\/learnixx.com\/fr\/wp-json\/wp\/v2\/product\/10643\/revisions"}],"predecessor-version":[{"id":11983,"href":"https:\/\/learnixx.com\/fr\/wp-json\/wp\/v2\/product\/10643\/revisions\/11983"}],"wp:featuredmedia":[{"embeddable":true,"href":"https:\/\/learnixx.com\/fr\/wp-json\/wp\/v2\/media\/12178"}],"wp:attachment":[{"href":"https:\/\/learnixx.com\/fr\/wp-json\/wp\/v2\/media?parent=10643"}],"wp:term":[{"taxonomy":"product_cat","embeddable":true,"href":"https:\/\/learnixx.com\/fr\/wp-json\/wp\/v2\/product_cat?post=10643"},{"taxonomy":"product_tag","embeddable":true,"href":"https:\/\/learnixx.com\/fr\/wp-json\/wp\/v2\/product_tag?post=10643"}],"curies":[{"name":"wp","href":"https:\/\/api.w.org\/{rel}","templated":true}]}}