{"id":11575,"date":"2023-10-13T12:21:43","date_gmt":"2023-10-13T12:21:43","guid":{"rendered":"https:\/\/learnixx.com\/?post_type=product&#038;p=11575"},"modified":"2023-10-13T12:21:44","modified_gmt":"2023-10-13T12:21:44","slug":"amazon-kdp-revolution-devenir-un-auteur-a-succes","status":"publish","type":"product","link":"https:\/\/learnixx.com\/fr\/produit\/amazon-kdp-revolution-devenir-un-auteur-a-succes\/","title":{"rendered":"Amazon KDP Revolution : Devenir un Auteur \u00e0 Succ\u00e8s"},"content":{"rendered":"<p>\ud83d\udcda Plongez dans la formation \u00ab\u00a0\u00c9crire un livre en 60 jours et le placer 1er sur Amazon\u00a0\u00bb !<\/p>\n<p>Imaginez la satisfaction de voir votre livre en t\u00eate des ventes sur Amazon en seulement 60 jours. Cette formation, qui a une valeur estim\u00e9e de 799 \u20ac, vous offre bien plus que des connaissances. Elle vous offre une opportunit\u00e9 exceptionnelle d&rsquo;accomplir vos r\u00eaves litt\u00e9raires.<\/p>\n<p>\ud83c\udf1f Avec des strat\u00e9gies pr\u00e9cieuses, des conseils d&rsquo;experts et des techniques de pointe, vous serez arm\u00e9 pour r\u00e9ussir en tant qu&rsquo;auteur. Cette formation vous guidera \u00e0 travers chaque \u00e9tape, de la cr\u00e9ation de votre livre \u00e0 sa publication, et vous montrera comment attirer l&rsquo;attention des lecteurs et grimper au sommet des classements.<\/p>\n<p>\ud83d\udd25 En prime, vous recevrez <strong>une licence de droit de revente<\/strong>, ce qui signifie que vous pouvez non seulement b\u00e9n\u00e9ficier de cette formation, mais aussi la revendre l\u00e9galement pour des profits suppl\u00e9mentaires.<\/p>\n<p>\ud83d\udca5 Mais aujourd&rsquo;hui seulement, gr\u00e2ce au partenariat de Learnixx, nous vous offrons cette formation incroyable pour seulement 11750 FCFA ! C&rsquo;est une opportunit\u00e9 unique que vous ne pouvez pas laisser passer pour r\u00e9aliser vos r\u00eaves litt\u00e9raires.<\/p>\n<p>\ud83d\udcda Il est temps de faire de votre r\u00eave d&rsquo;\u00eatre un auteur \u00e0 succ\u00e8s une r\u00e9alit\u00e9. Ne laissez pas cette opportunit\u00e9 extraordinaire vous \u00e9chapper. Rejoignez notre formation d\u00e8s maintenant et pr\u00e9parez-vous \u00e0 voir votre livre tr\u00f4ner en premi\u00e8re position sur Amazon.<\/p>\n<p>Votre succ\u00e8s litt\u00e9raire commence ici ! \ud83d\udcda<\/p>\n","protected":false},"excerpt":{"rendered":"<p>\ud83d\udcda Plongez dans la formation \u00ab\u00a0\u00c9crire un livre en 60 jours et le placer 1er sur Amazon\u00a0\u00bb ! Imaginez la satisfaction de voir votre livre en t\u00eate des ventes sur Amazon en seulement 60 jours. Cette formation, qui a une valeur estim\u00e9e de 799 \u20ac, vous offre bien plus que des connaissances. Elle vous offre [&hellip;]<\/p>\n","protected":false},"featured_media":11576,"comment_status":"open","ping_status":"closed","template":"","meta":{"order-bump-settings":[],"_wpfnl_thankyou_order_overview":"on","_wpfnl_thankyou_order_details":"on","_wpfnl_thankyou_billing_details":"on","_wpfnl_thankyou_shipping_details":"on"},"product_cat":[17],"product_tag":[],"class_list":{"0":"post-11575","1":"product","2":"type-product","3":"status-publish","4":"has-post-thumbnail","6":"product_cat-uncategorized","8":"first","9":"instock","10":"sale","11":"shipping-taxable","12":"purchasable","13":"product-type-simple"},"yoast_head":"<!-- This site is optimized with the Yoast SEO plugin v24.2 - https:\/\/yoast.com\/wordpress\/plugins\/seo\/ -->\n<title>Amazon KDP Revolution : Devenir un Auteur \u00e0 Succ\u00e8s - Learnixx<\/title>\n<meta name=\"robots\" content=\"index, follow, max-snippet:-1, max-image-preview:large, max-video-preview:-1\" \/>\n<link rel=\"canonical\" href=\"https:\/\/learnixx.com\/fr\/produit\/amazon-kdp-revolution-devenir-un-auteur-a-succes\/\" \/>\n<meta property=\"og:locale\" content=\"fr_FR\" \/>\n<meta property=\"og:type\" content=\"article\" \/>\n<meta property=\"og:title\" content=\"Amazon KDP Revolution : Devenir un Auteur \u00e0 Succ\u00e8s - Learnixx\" \/>\n<meta property=\"og:description\" content=\"\ud83d\udcda Plongez dans la formation \u00ab\u00a0\u00c9crire un livre en 60 jours et le placer 1er sur Amazon\u00a0\u00bb ! Imaginez la satisfaction de voir votre livre en t\u00eate des ventes sur Amazon en seulement 60 jours. Cette formation, qui a une valeur estim\u00e9e de 799 \u20ac, vous offre bien plus que des connaissances. Elle vous offre [&hellip;]\" \/>\n<meta property=\"og:url\" content=\"https:\/\/learnixx.com\/fr\/produit\/amazon-kdp-revolution-devenir-un-auteur-a-succes\/\" \/>\n<meta property=\"og:site_name\" content=\"Learnixx\" \/>\n<meta property=\"article:modified_time\" content=\"2023-10-13T12:21:44+00:00\" \/>\n<meta property=\"og:image\" content=\"https:\/\/learnixx.com\/wp-content\/uploads\/2023\/10\/Amazon-KDP-scaled.jpg\" \/>\n\t<meta property=\"og:image:width\" content=\"2560\" \/>\n\t<meta property=\"og:image:height\" content=\"1707\" \/>\n\t<meta property=\"og:image:type\" content=\"image\/jpeg\" \/>\n<meta name=\"twitter:card\" content=\"summary_large_image\" \/>\n<meta name=\"twitter:label1\" content=\"Dur\u00e9e de lecture estim\u00e9e\" \/>\n\t<meta name=\"twitter:data1\" content=\"2 minutes\" \/>\n<script type=\"application\/ld+json\" class=\"yoast-schema-graph\">{\"@context\":\"https:\/\/schema.org\",\"@graph\":[{\"@type\":\"WebPage\",\"@id\":\"https:\/\/learnixx.com\/produit\/amazon-kdp-revolution-devenir-un-auteur-a-succes\",\"url\":\"https:\/\/learnixx.com\/produit\/amazon-kdp-revolution-devenir-un-auteur-a-succes\",\"name\":\"Amazon KDP Revolution : Devenir un Auteur \u00e0 Succ\u00e8s - Learnixx\",\"isPartOf\":{\"@id\":\"https:\/\/learnixx.com\/#website\"},\"primaryImageOfPage\":{\"@id\":\"https:\/\/learnixx.com\/produit\/amazon-kdp-revolution-devenir-un-auteur-a-succes#primaryimage\"},\"image\":{\"@id\":\"https:\/\/learnixx.com\/produit\/amazon-kdp-revolution-devenir-un-auteur-a-succes#primaryimage\"},\"thumbnailUrl\":\"https:\/\/learnixx.com\/wp-content\/uploads\/2023\/10\/Amazon-KDP-scaled.jpg\",\"datePublished\":\"2023-10-13T12:21:43+00:00\",\"dateModified\":\"2023-10-13T12:21:44+00:00\",\"breadcrumb\":{\"@id\":\"https:\/\/learnixx.com\/produit\/amazon-kdp-revolution-devenir-un-auteur-a-succes#breadcrumb\"},\"inLanguage\":\"fr-FR\",\"potentialAction\":[{\"@type\":\"ReadAction\",\"target\":[\"https:\/\/learnixx.com\/produit\/amazon-kdp-revolution-devenir-un-auteur-a-succes\"]}]},{\"@type\":\"ImageObject\",\"inLanguage\":\"fr-FR\",\"@id\":\"https:\/\/learnixx.com\/produit\/amazon-kdp-revolution-devenir-un-auteur-a-succes#primaryimage\",\"url\":\"https:\/\/learnixx.com\/wp-content\/uploads\/2023\/10\/Amazon-KDP-scaled.jpg\",\"contentUrl\":\"https:\/\/learnixx.com\/wp-content\/uploads\/2023\/10\/Amazon-KDP-scaled.jpg\",\"width\":2560,\"height\":1707},{\"@type\":\"BreadcrumbList\",\"@id\":\"https:\/\/learnixx.com\/produit\/amazon-kdp-revolution-devenir-un-auteur-a-succes#breadcrumb\",\"itemListElement\":[{\"@type\":\"ListItem\",\"position\":1,\"name\":\"Home\",\"item\":\"https:\/\/learnixx.com\/\"},{\"@type\":\"ListItem\",\"position\":2,\"name\":\"Boutique de produits digitaux\",\"item\":\"https:\/\/learnixx.com\/boutique-de-produits-digitaux\/\"},{\"@type\":\"ListItem\",\"position\":3,\"name\":\"Amazon KDP Revolution : Devenir un Auteur \u00e0 Succ\u00e8s\"}]},{\"@type\":\"WebSite\",\"@id\":\"https:\/\/learnixx.com\/#website\",\"url\":\"https:\/\/learnixx.com\/\",\"name\":\"Learnixx\",\"description\":\"Votre Passage Vers la Connaissance Num\u00e9rique\",\"publisher\":{\"@id\":\"https:\/\/learnixx.com\/#organization\"},\"potentialAction\":[{\"@type\":\"SearchAction\",\"target\":{\"@type\":\"EntryPoint\",\"urlTemplate\":\"https:\/\/learnixx.com\/?s={search_term_string}\"},\"query-input\":{\"@type\":\"PropertyValueSpecification\",\"valueRequired\":true,\"valueName\":\"search_term_string\"}}],\"inLanguage\":\"fr-FR\"},{\"@type\":\"Organization\",\"@id\":\"https:\/\/learnixx.com\/#organization\",\"name\":\"Learnixx\",\"url\":\"https:\/\/learnixx.com\/\",\"logo\":{\"@type\":\"ImageObject\",\"inLanguage\":\"fr-FR\",\"@id\":\"https:\/\/learnixx.com\/#\/schema\/logo\/image\/\",\"url\":\"https:\/\/learnixx.com\/wp-content\/uploads\/2024\/07\/cropped-Favicon.png\",\"contentUrl\":\"https:\/\/learnixx.com\/wp-content\/uploads\/2024\/07\/cropped-Favicon.png\",\"width\":512,\"height\":512,\"caption\":\"Learnixx\"},\"image\":{\"@id\":\"https:\/\/learnixx.com\/#\/schema\/logo\/image\/\"}}]}<\/script>\n<!-- \/ Yoast SEO plugin. -->","yoast_head_json":{"title":"Amazon KDP Revolution : Devenir un Auteur \u00e0 Succ\u00e8s - Learnixx","robots":{"index":"index","follow":"follow","max-snippet":"max-snippet:-1","max-image-preview":"max-image-preview:large","max-video-preview":"max-video-preview:-1"},"canonical":"https:\/\/learnixx.com\/fr\/produit\/amazon-kdp-revolution-devenir-un-auteur-a-succes\/","og_locale":"fr_FR","og_type":"article","og_title":"Amazon KDP Revolution : Devenir un Auteur \u00e0 Succ\u00e8s - Learnixx","og_description":"\ud83d\udcda Plongez dans la formation \u00ab\u00a0\u00c9crire un livre en 60 jours et le placer 1er sur Amazon\u00a0\u00bb ! Imaginez la satisfaction de voir votre livre en t\u00eate des ventes sur Amazon en seulement 60 jours. Cette formation, qui a une valeur estim\u00e9e de 799 \u20ac, vous offre bien plus que des connaissances. Elle vous offre [&hellip;]","og_url":"https:\/\/learnixx.com\/fr\/produit\/amazon-kdp-revolution-devenir-un-auteur-a-succes\/","og_site_name":"Learnixx","article_modified_time":"2023-10-13T12:21:44+00:00","og_image":[{"width":2560,"height":1707,"url":"https:\/\/learnixx.com\/wp-content\/uploads\/2023\/10\/Amazon-KDP-scaled.jpg","type":"image\/jpeg"}],"twitter_card":"summary_large_image","twitter_misc":{"Dur\u00e9e de lecture estim\u00e9e":"2 minutes"},"schema":{"@context":"https:\/\/schema.org","@graph":[{"@type":"WebPage","@id":"https:\/\/learnixx.com\/produit\/amazon-kdp-revolution-devenir-un-auteur-a-succes","url":"https:\/\/learnixx.com\/produit\/amazon-kdp-revolution-devenir-un-auteur-a-succes","name":"Amazon KDP Revolution : Devenir un Auteur \u00e0 Succ\u00e8s - Learnixx","isPartOf":{"@id":"https:\/\/learnixx.com\/#website"},"primaryImageOfPage":{"@id":"https:\/\/learnixx.com\/produit\/amazon-kdp-revolution-devenir-un-auteur-a-succes#primaryimage"},"image":{"@id":"https:\/\/learnixx.com\/produit\/amazon-kdp-revolution-devenir-un-auteur-a-succes#primaryimage"},"thumbnailUrl":"https:\/\/learnixx.com\/wp-content\/uploads\/2023\/10\/Amazon-KDP-scaled.jpg","datePublished":"2023-10-13T12:21:43+00:00","dateModified":"2023-10-13T12:21:44+00:00","breadcrumb":{"@id":"https:\/\/learnixx.com\/produit\/amazon-kdp-revolution-devenir-un-auteur-a-succes#breadcrumb"},"inLanguage":"fr-FR","potentialAction":[{"@type":"ReadAction","target":["https:\/\/learnixx.com\/produit\/amazon-kdp-revolution-devenir-un-auteur-a-succes"]}]},{"@type":"ImageObject","inLanguage":"fr-FR","@id":"https:\/\/learnixx.com\/produit\/amazon-kdp-revolution-devenir-un-auteur-a-succes#primaryimage","url":"https:\/\/learnixx.com\/wp-content\/uploads\/2023\/10\/Amazon-KDP-scaled.jpg","contentUrl":"https:\/\/learnixx.com\/wp-content\/uploads\/2023\/10\/Amazon-KDP-scaled.jpg","width":2560,"height":1707},{"@type":"BreadcrumbList","@id":"https:\/\/learnixx.com\/produit\/amazon-kdp-revolution-devenir-un-auteur-a-succes#breadcrumb","itemListElement":[{"@type":"ListItem","position":1,"name":"Home","item":"https:\/\/learnixx.com\/"},{"@type":"ListItem","position":2,"name":"Boutique de produits digitaux","item":"https:\/\/learnixx.com\/boutique-de-produits-digitaux\/"},{"@type":"ListItem","position":3,"name":"Amazon KDP Revolution : Devenir un Auteur \u00e0 Succ\u00e8s"}]},{"@type":"WebSite","@id":"https:\/\/learnixx.com\/#website","url":"https:\/\/learnixx.com\/","name":"Learnixx","description":"Votre Passage Vers la Connaissance Num\u00e9rique","publisher":{"@id":"https:\/\/learnixx.com\/#organization"},"potentialAction":[{"@type":"SearchAction","target":{"@type":"EntryPoint","urlTemplate":"https:\/\/learnixx.com\/?s={search_term_string}"},"query-input":{"@type":"PropertyValueSpecification","valueRequired":true,"valueName":"search_term_string"}}],"inLanguage":"fr-FR"},{"@type":"Organization","@id":"https:\/\/learnixx.com\/#organization","name":"Learnixx","url":"https:\/\/learnixx.com\/","logo":{"@type":"ImageObject","inLanguage":"fr-FR","@id":"https:\/\/learnixx.com\/#\/schema\/logo\/image\/","url":"https:\/\/learnixx.com\/wp-content\/uploads\/2024\/07\/cropped-Favicon.png","contentUrl":"https:\/\/learnixx.com\/wp-content\/uploads\/2024\/07\/cropped-Favicon.png","width":512,"height":512,"caption":"Learnixx"},"image":{"@id":"https:\/\/learnixx.com\/#\/schema\/logo\/image\/"}}]}},"jetpack_sharing_enabled":true,"_links":{"self":[{"href":"https:\/\/learnixx.com\/fr\/wp-json\/wp\/v2\/product\/11575","targetHints":{"allow":["GET"]}}],"collection":[{"href":"https:\/\/learnixx.com\/fr\/wp-json\/wp\/v2\/product"}],"about":[{"href":"https:\/\/learnixx.com\/fr\/wp-json\/wp\/v2\/types\/product"}],"replies":[{"embeddable":true,"href":"https:\/\/learnixx.com\/fr\/wp-json\/wp\/v2\/comments?post=11575"}],"version-history":[{"count":2,"href":"https:\/\/learnixx.com\/fr\/wp-json\/wp\/v2\/product\/11575\/revisions"}],"predecessor-version":[{"id":13025,"href":"https:\/\/learnixx.com\/fr\/wp-json\/wp\/v2\/product\/11575\/revisions\/13025"}],"wp:featuredmedia":[{"embeddable":true,"href":"https:\/\/learnixx.com\/fr\/wp-json\/wp\/v2\/media\/11576"}],"wp:attachment":[{"href":"https:\/\/learnixx.com\/fr\/wp-json\/wp\/v2\/media?parent=11575"}],"wp:term":[{"taxonomy":"product_cat","embeddable":true,"href":"https:\/\/learnixx.com\/fr\/wp-json\/wp\/v2\/product_cat?post=11575"},{"taxonomy":"product_tag","embeddable":true,"href":"https:\/\/learnixx.com\/fr\/wp-json\/wp\/v2\/product_tag?post=11575"}],"curies":[{"name":"wp","href":"https:\/\/api.w.org\/{rel}","templated":true}]}}